{"id":83,"date":"2024-01-06T04:24:44","date_gmt":"2024-01-06T04:24:44","guid":{"rendered":"https:\/\/54.176.5.206\/?post_type=product&#038;p=83"},"modified":"2024-07-06T22:30:26","modified_gmt":"2024-07-06T22:30:26","slug":"robo-de-negociacao-dex-bull","status":"publish","type":"product","link":"https:\/\/bulltradebot.com\/pt\/loja\/bot-tradding\/robo-de-negociacao-dex-bull\/","title":{"rendered":"DEX \u2013 BTB"},"content":{"rendered":"<p><strong>DEX- BULL TRADING BOT \u2013 Maximize seus lucros com intelig\u00eancia artificial<\/strong><\/p>\n<p><img decoding=\"async\" class=\"alignnone size-medium wp-image-2125\" src=\"http:\/\/maxicashpro.com\/wp-content\/uploads\/2023\/11\/LOGO-BTB-HORIZONTAL-SIN-FONDO-WEBP-300x137.webp\" sizes=\"(max-width: 300px) 100vw, 300px\" srcset=\"https:\/\/www.maxicashpro.com\/wp-content\/uploads\/2023\/11\/LOGO-BTB-HORIZONTAL-SIN-FONDO-WEBP-300x137.webp 300w, https:\/\/www.maxicashpro.com\/wp-content\/uploads\/2023\/11\/LOGO-BTB-HORIZONTAL-SIN-FONDO-WEBP-1024x469.webp 1024w, https:\/\/www.maxicashpro.com\/wp-content\/uploads\/2023\/11\/LOGO-BTB-HORIZONTAL-SIN-FONDO-WEBP-768x352.webp 768w, https:\/\/www.maxicashpro.com\/wp-content\/uploads\/2023\/11\/LOGO-BTB-HORIZONTAL-SIN-FONDO-WEBP-1536x703.webp 1536w, https:\/\/www.maxicashpro.com\/wp-content\/uploads\/2023\/11\/LOGO-BTB-HORIZONTAL-SIN-FONDO-WEBP-2048x938.webp 2048w, https:\/\/www.maxicashpro.com\/wp-content\/uploads\/2023\/11\/LOGO-BTB-HORIZONTAL-SIN-FONDO-WEBP-600x275.webp 600w\" alt=\"\" width=\"300\" height=\"137\" \/><\/p>\n<p><strong>O que \u00e9 -DEX-BULL TRADING BOT?<\/strong><\/p>\n<p>O BULL TRADING BOT \u00e9 um sistema de negocia\u00e7\u00e3o automatizado e inteligente, projetado para ajudar investidores a maximizar seus lucros no mercado de criptomoedas. Ele utiliza algoritmos avan\u00e7ados e an\u00e1lise t\u00e9cnica para realizar negocia\u00e7\u00f5es precisas em nome do usu\u00e1rio, sem a necessidade de passar horas monitorando o mercado.<\/p>\n<ul>\n<li>\u00c9 necess\u00e1rio ter conhecimento de negocia\u00e7\u00e3o para usar o BULL TRADING BOT?<\/li>\n<li>N\u00e3o, n\u00e3o \u00e9 necess\u00e1rio conhecimento avan\u00e7ado em negocia\u00e7\u00e3o. O BULL TRADING BOT \u00e9 f\u00e1cil de usar e totalmente aut\u00f4nomo, projetado para ser acess\u00edvel a investidores de todos os n\u00edveis. Ele se comunica com o nosso software apenas via API.<\/li>\n<\/ul>\n<p><strong>Como funciona o BULLISH TRADING BOT?<\/strong><\/p>\n<p>O BULLISH TRADING BOT opera 24 horas por dia, rastreando o mercado de criptomoedas em busca das melhores oportunidades de investimento. Ele utiliza algoritmos avan\u00e7ados e padr\u00f5es de mercado identificados por meio de an\u00e1lise t\u00e9cnica para tomar decis\u00f5es de negocia\u00e7\u00e3o precisas e oportunas em nome do usu\u00e1rio.<\/p>\n<p><strong>\u00c9 seguro usar o BULL TRADING BOT?<\/strong><\/p>\n<p>Sim, a seguran\u00e7a dos seus fundos \u00e9 a nossa principal prioridade. Implementamos medidas rigorosas, como o uso de chaves de API criptografadas sem necessidade de permiss\u00e3o para saques. Tamb\u00e9m utilizamos autentica\u00e7\u00e3o de dois fatores e criptografia de ponta a ponta para garantir a prote\u00e7\u00e3o completa dos seus ativos.<\/p>\n<p><strong>Com quais bolsas o BULL TRADING BOT \u00e9 compat\u00edvel?<\/strong><\/p>\n<p>O BULL TRADING BOT suporta algumas das maiores e mais populares corretoras do mundo, incluindo Bittrex, Coinbase, Huobi, Kraken e Kucoin. Voc\u00ea pode aproveitar nosso servi\u00e7o independentemente da sua plataforma preferida.<\/p>\n<p><strong>Quais s\u00e3o os benef\u00edcios de usar o BULL TRADING BOT?<\/strong><\/p>\n<ol>\n<li><strong>Precis\u00e3o e seguran\u00e7a:<\/strong>\u00a0Utiliza padr\u00f5es de mercado globais para maior precis\u00e3o e seguran\u00e7a.<\/li>\n<li><strong>Opera\u00e7\u00f5es m\u00faltiplas:<\/strong>\u00a0Abra v\u00e1rias negocia\u00e7\u00f5es simultaneamente para aumentar as oportunidades de lucro.<\/li>\n<li><strong>Sinais precisos:<\/strong>\u00a0Oferece sinais mais precisos gra\u00e7as aos filtros rigorosos ajustados pela nossa equipe.<\/li>\n<li><strong>Ganhos parciais:<\/strong>\u00a0Voc\u00ea obt\u00e9m lucros parciais, reduzindo o risco de perdas.<\/li>\n<li><strong>F\u00e1cil de usar:<\/strong>\u00a0N\u00e3o \u00e9 necess\u00e1rio nenhum conhecimento avan\u00e7ado de negocia\u00e7\u00e3o.<\/li>\n<li><strong>Seguran\u00e7a financeira:<\/strong>\u00a0Interaja com chaves de API criptografadas sem permiss\u00e3o para sacar fundos.<\/li>\n<li><strong>Dispon\u00edvel em bolsas populares:<\/strong>\u00a0Compat\u00edvel com Binance, Bittrex, Coinbase, entre outras.<\/li>\n<li><strong>Dep\u00f3sito m\u00ednimo baixo:<\/strong>\u00a0Comece a negociar com apenas 10 USDT.<\/li>\n<\/ol>\n<ul>\n<li>Para come\u00e7ar, basta se cadastrar em nosso site, escolher seu plano de assinatura e seguir as instru\u00e7\u00f5es para conectar sua conta na corretora de criptomoedas. Ap\u00f3s a configura\u00e7\u00e3o, o bot come\u00e7ar\u00e1 a negociar automaticamente em seu nome.<\/li>\n<li>\n<h4>Qual \u00e9 a diferen\u00e7a entre assinatura mensal e anual?<\/h4>\n<p>Oferecemos duas op\u00e7\u00f5es de assinatura: mensal e anual. A assinatura mensal \u00e9 ideal para quem deseja experimentar o servi\u00e7o sem compromissos de longo prazo. Voc\u00ea pode cancelar a qualquer momento sem multa. A assinatura anual oferece uma op\u00e7\u00e3o eficiente e econ\u00f4mica para quem deseja um compromisso de longo prazo, com todos os recursos e ferramentas avan\u00e7adas.<\/p>\n<p><strong>Como o BULL TRADING BOT protege a seguran\u00e7a dos meus fundos?<\/strong>\u00a0O bot utiliza chaves de API criptografadas sem permiss\u00e3o para sacar fundos. Isso significa que o bot s\u00f3 pode visualizar e operar em suas contas de corretoras de criptomoedas, mas n\u00e3o pode sacar fundos. Al\u00e9m disso, o bot tamb\u00e9m implementa medidas de seguran\u00e7a adicionais, como autentica\u00e7\u00e3o de dois fatores e criptografia de ponta a ponta, para garantir que seus fundos estejam totalmente protegidos o tempo todo.<\/li>\n<\/ul>","protected":false},"excerpt":{"rendered":"<p><strong>Ganhe no mercado de criptomoedas sem esfor\u00e7o com nosso BULLISH TRADING BOT e modo algor\u00edtmico<br \/>\n<\/strong>Descubra como nosso bot inteligente pode trabalhar para voc\u00ea.<br \/>\n<strong>Cadastre-se para um teste gratuito de 7 dias!<\/strong><\/p>\n<p><strong>\u00c9 uma ferramenta eficiente, precisa e segura para investidores em criptomoedas que buscam maximizar seus lucros. O bot utiliza padr\u00f5es de mercado globais identificados por meio de an\u00e1lise t\u00e9cnica, o que o torna mais preciso e seguro.<\/strong><\/p>\n<p>Assine nosso ROB\u00d4 DE NEGOCIA\u00c7\u00c3O BULLISH e comece a maximizar seus lucros no mercado de criptomoedas. Negocia\u00e7\u00e3o inteligente 24 horas por dia, 7 dias por semana!<\/p>","protected":false},"featured_media":74,"comment_status":"open","ping_status":"closed","template":"","meta":{"site-sidebar-layout":"default","site-content-layout":"default","ast-site-content-layout":"default","site-content-style":"default","site-sidebar-style":"default","ast-global-header-display":"","ast-banner-title-visibility":"","ast-main-header-display":"","ast-hfb-above-header-display":"","ast-hfb-below-header-display":"","ast-hfb-mobile-header-display":"","site-post-title":"","ast-breadcrumbs-content":"","ast-featured-img":"","footer-sml-layout":"","ast-disable-related-posts":"","theme-transparent-header-meta":"default","adv-header-id-meta":"","stick-header-meta":"default","header-above-stick-meta":"","header-main-stick-meta":"","header-below-stick-meta":"","astra-migrate-meta-layouts":"set","ast-page-background-enabled":"default","ast-page-background-meta":{"desktop":{"background-color":"var(--ast-global-color-4)","background-image":"","background-repeat":"repeat","background-position":"center center","background-size":"auto","background-attachment":"scroll","background-type":"","background-media":"","overlay-type":"","overlay-color":"","overlay-opacity":"","overlay-gradient":""},"tablet":{"background-color":"","background-image":"","background-repeat":"repeat","background-position":"center center","background-size":"auto","background-attachment":"scroll","background-type":"","background-media":"","overlay-type":"","overlay-color":"","overlay-opacity":"","overlay-gradient":""},"mobile":{"background-color":"","background-image":"","background-repeat":"repeat","background-position":"center center","background-size":"auto","background-attachment":"scroll","background-type":"","background-media":"","overlay-type":"","overlay-color":"","overlay-opacity":"","overlay-gradient":""}},"ast-content-background-meta":{"desktop":{"background-color":"var(--ast-global-color-5)","background-image":"","background-repeat":"repeat","background-position":"center center","background-size":"auto","background-attachment":"scroll","background-type":"","background-media":"","overlay-type":"","overlay-color":"","overlay-opacity":"","overlay-gradient":""},"tablet":{"background-color":"var(--ast-global-color-5)","background-image":"","background-repeat":"repeat","background-position":"center center","background-size":"auto","background-attachment":"scroll","background-type":"","background-media":"","overlay-type":"","overlay-color":"","overlay-opacity":"","overlay-gradient":""},"mobile":{"background-color":"var(--ast-global-color-5)","background-image":"","background-repeat":"repeat","background-position":"center center","background-size":"auto","background-attachment":"scroll","background-type":"","background-media":"","overlay-type":"","overlay-color":"","overlay-opacity":"","overlay-gradient":""}}},"product_brand":[],"product_cat":[24,15,25,26],"product_tag":[27],"class_list":{"0":"post-83","1":"product","2":"type-product","3":"status-publish","4":"has-post-thumbnail","6":"product_cat-bot-tradding","7":"product_cat-bull-trade-bot","8":"product_cat-crypto","9":"product_cat-tradding","10":"product_tag-bot-tradding","11":"desktop-align-left","12":"tablet-align-left","13":"mobile-align-left","14":"ast-product-gallery-layout-horizontal-slider","15":"ast-product-single-variable","16":"ast-product-tabs-layout-horizontal","18":"first","19":"outofstock","20":"shipping-taxable","21":"product-type-variable"},"_links":{"self":[{"href":"https:\/\/bulltradebot.com\/pt\/wp-json\/wp\/v2\/product\/83","targetHints":{"allow":["GET"]}}],"collection":[{"href":"https:\/\/bulltradebot.com\/pt\/wp-json\/wp\/v2\/product"}],"about":[{"href":"https:\/\/bulltradebot.com\/pt\/wp-json\/wp\/v2\/types\/product"}],"replies":[{"embeddable":true,"href":"https:\/\/bulltradebot.com\/pt\/wp-json\/wp\/v2\/comments?post=83"}],"version-history":[{"count":2,"href":"https:\/\/bulltradebot.com\/pt\/wp-json\/wp\/v2\/product\/83\/revisions"}],"predecessor-version":[{"id":2849,"href":"https:\/\/bulltradebot.com\/pt\/wp-json\/wp\/v2\/product\/83\/revisions\/2849"}],"wp:featuredmedia":[{"embeddable":true,"href":"https:\/\/bulltradebot.com\/pt\/wp-json\/wp\/v2\/media\/74"}],"wp:attachment":[{"href":"https:\/\/bulltradebot.com\/pt\/wp-json\/wp\/v2\/media?parent=83"}],"wp:term":[{"taxonomy":"product_brand","embeddable":true,"href":"https:\/\/bulltradebot.com\/pt\/wp-json\/wp\/v2\/product_brand?post=83"},{"taxonomy":"product_cat","embeddable":true,"href":"https:\/\/bulltradebot.com\/pt\/wp-json\/wp\/v2\/product_cat?post=83"},{"taxonomy":"product_tag","embeddable":true,"href":"https:\/\/bulltradebot.com\/pt\/wp-json\/wp\/v2\/product_tag?post=83"}],"curies":[{"name":"wp","href":"https:\/\/api.w.org\/{rel}","templated":true}]}}