{"id":3415,"date":"2024-11-09T19:37:29","date_gmt":"2024-11-09T19:37:29","guid":{"rendered":"https:\/\/bulltradebot.com\/?page_id=3415"},"modified":"2024-11-09T19:37:29","modified_gmt":"2024-11-09T19:37:29","slug":"tutorial-criar-uma-api-no-bitfinex","status":"publish","type":"page","link":"https:\/\/bulltradebot.com\/pt\/tutorial-criar-uma-api-no-bitfinex\/","title":{"rendered":"TUTORIAL PARA CRIAR API NA BITFINEX"},"content":{"rendered":"<h1>Tutorial para criar chave de API no Bitfinex<\/h1>\n<h2>Etapa 1: fa\u00e7a login na sua conta Bitfinex<\/h2>\n<ol>\n<li>Acesse o site da Bitfinex e fa\u00e7a login com seus dados de login.<\/li>\n<li>Conclua quaisquer verifica\u00e7\u00f5es de seguran\u00e7a adicionais, como autentica\u00e7\u00e3o de dois fatores (2FA) usando o Google Authenticator ou SMS, se voc\u00ea as tiver ativado.<\/li>\n<\/ol>\n<h2>Etapa 2: acessar as configura\u00e7\u00f5es da API<\/h2>\n<ol>\n<li>Depois de fazer login na sua conta, clique no \u00edcone do usu\u00e1rio no canto superior direito para acessar o menu de op\u00e7\u00f5es.<\/li>\n<li>Selecione \u201cAPI\u201d no menu suspenso para abrir a p\u00e1gina de gerenciamento de API.<\/li>\n<\/ol>\n<h2>Etapa 3: Criar uma nova chave de API<\/h2>\n<ol>\n<li>Na p\u00e1gina da API, clique em \u201cCriar nova chave de API\u201d.<\/li>\n<li>Insira um nome para a chave de API (por exemplo, \u201cBot de negocia\u00e7\u00e3o\u201d) para que voc\u00ea possa identific\u00e1-la facilmente no futuro.<\/li>\n<\/ol>\n<h2>Etapa 4: Configurar permiss\u00f5es de API<\/h2>\n<ol>\n<li><strong>Permiss\u00e3o de leitura:<\/strong> Marque esta op\u00e7\u00e3o se voc\u00ea deseja apenas que a API tenha acesso aos dados da sua conta, sem executar nenhuma negocia\u00e7\u00e3o.<\/li>\n<li><strong>Permiss\u00e3o de Com\u00e9rcio:<\/strong> Marque esta op\u00e7\u00e3o se quiser que o bot ou aplicativo opere na sua conta.<\/li>\n<li><strong>Permiss\u00e3o de Retirada:<\/strong> N\u00e3o habilite esta op\u00e7\u00e3o para uma API de negocia\u00e7\u00e3o b\u00e1sica, pois ela apresenta riscos de seguran\u00e7a.<\/li>\n<\/ol>\n<p><strong>Conselho:<\/strong> Selecione apenas as permiss\u00f5es necess\u00e1rias. Geralmente, apenas as permiss\u00f5es de leitura e troca s\u00e3o necess\u00e1rias.<\/p>\n<h2>Etapa 5: Configurar restri\u00e7\u00f5es de IP<\/h2>\n<p>Para aumentar a seguran\u00e7a, a Bitfinex permite que voc\u00ea restrinja o uso da API a um endere\u00e7o IP espec\u00edfico:<\/p>\n<ol>\n<li style=\"list-style-type: none;\">\n<ol>\n<li>Use o seguinte <strong>Lista de permiss\u00f5es de IP<\/strong> Para configurar sua chave de API no BTB:<\/li>\n<\/ol>\n<\/li>\n<\/ol>\n<pre>103.26.9.1 103.26.9.14 103.26.9.27 103.26.9.40 103.26.9.53 103.26.9.66 103.26.9.79 103.26.9.92 103.26.9.105 103.26.9.118 103.26.9.131 103.26.9.144 103.26.9.157 103.26.9.170 103.26.9.183 103.26.9.196 103.26.9.209 103.26.9.222 103.26.9.235 103.26.9.248<\/pre>\n<ol>\n<li>Isso limitar\u00e1 o uso da API somente \u00e0quele endere\u00e7o IP, protegendo sua conta contra acesso n\u00e3o autorizado.<\/li>\n<\/ol>\n<h2>Etapa 6: Conclua a verifica\u00e7\u00e3o de seguran\u00e7a<\/h2>\n<ol>\n<li>A Bitfinex solicitar\u00e1 que voc\u00ea conclua uma verifica\u00e7\u00e3o de seguran\u00e7a para confirmar a cria\u00e7\u00e3o da chave de API:\n<ul>\n<li><strong>C\u00f3digo de verifica\u00e7\u00e3o 2FA:<\/strong> Se voc\u00ea tiver o 2FA habilitado, insira o c\u00f3digo do Google Authenticator ou do aplicativo autenticador que voc\u00ea usa.<\/li>\n<\/ul>\n<\/li>\n<li>Depois que a seguran\u00e7a for verificada, clique em Gerar chave de API.<\/li>\n<\/ol>\n<h2>Etapa 7: Salve a chave da API e o segredo da API<\/h2>\n<ol>\n<li>Ap\u00f3s concluir a verifica\u00e7\u00e3o, a Bitfinex gerar\u00e1 sua chave de API e seu segredo de API.<\/li>\n<li>Guarde essas informa\u00e7\u00f5es em um local seguro, pois o segredo s\u00f3 \u00e9 exibido uma vez. \u00c9 recomend\u00e1vel armazen\u00e1-lo em um gerenciador de senhas seguro.<\/li>\n<\/ol>\n<p><strong>Nota importante:<\/strong> Nunca compartilhe sua chave de API ou segredo de API com ningu\u00e9m e n\u00e3o os armazene em locais inseguros.<\/p>\n<h2>Etapa 8: Conecte a API ao seu Trading Bot no BULL TRADING BOT<\/h2>\n<ol>\n<li>Use o formul\u00e1rio no seu perfil do Bull Trade Bot para relatar sua chave de API e segredo de API ao BTB, seguindo as instru\u00e7\u00f5es espec\u00edficas do aplicativo.<\/li>\n<li>Verifique se as permiss\u00f5es e configura\u00e7\u00f5es da API est\u00e3o corretas antes de prosseguir.<\/li>\n<\/ol>\n<h2>Etapa 9: verificar o status da API e testar (opcional)<\/h2>\n<ol>\n<li>Ap\u00f3s conectar a API, o BTB realiza um teste para garantir que ela esteja funcionando corretamente.<\/li>\n<li>Ap\u00f3s o envio da chave de API para a BTB, voc\u00ea receber\u00e1 um e-mail confirmando se a chave de API foi aceita ou rejeitada para uso na BTB, com a permiss\u00e3o da sua corretora. Ser\u00e3o realizados testes com ordens de pequeno valor para confirmar se a configura\u00e7\u00e3o da API est\u00e1 adequada antes de us\u00e1-la para negocia\u00e7\u00f5es regulares.<\/li>\n<\/ol>\n<h2>Dicas adicionais de seguran\u00e7a<\/h2>\n<ul>\n<li>N\u00e3o compartilhe a API com terceiros e use-a somente com aplicativos confi\u00e1veis.<\/li>\n<li>Desative a API se n\u00e3o pretende us\u00e1-la por um tempo.<\/li>\n<li>Revise as permiss\u00f5es da API periodicamente para garantir que elas n\u00e3o tenham sido alteradas.<\/li>\n<\/ul>\n<p>&nbsp;<\/p>","protected":false},"excerpt":{"rendered":"<p>Tutorial para Crear Clave API en Bitfinex Paso 1: Inicia sesi\u00f3n en tu cuenta de Bitfinex Ve al sitio web de Bitfinex e inicia sesi\u00f3n con tus datos de usuario. Completa cualquier verificaci\u00f3n adicional de seguridad, como la autenticaci\u00f3n de dos factores (2FA) mediante Google Authenticator o SMS, si la tienes habilitada. Paso 2: Accede<\/p>","protected":false},"author":7,"featured_media":0,"parent":0,"menu_order":0,"comment_status":"closed","ping_status":"closed","template":"","meta":{"site-sidebar-layout":"default","site-content-layout":"","ast-site-content-layout":"default","site-content-style":"default","site-sidebar-style":"default","ast-global-header-display":"","ast-banner-title-visibility":"","ast-main-header-display":"","ast-hfb-above-header-display":"","ast-hfb-below-header-display":"","ast-hfb-mobile-header-display":"","site-post-title":"","ast-breadcrumbs-content":"","ast-featured-img":"","footer-sml-layout":"","ast-disable-related-posts":"","theme-transparent-header-meta":"default","adv-header-id-meta":"","stick-header-meta":"default","header-above-stick-meta":"","header-main-stick-meta":"","header-below-stick-meta":"","astra-migrate-meta-layouts":"set","ast-page-background-enabled":"default","ast-page-background-meta":{"desktop":{"background-color":"var(--ast-global-color-4)","background-image":"","background-repeat":"repeat","background-position":"center center","background-size":"auto","background-attachment":"scroll","background-type":"","background-media":"","overlay-type":"","overlay-color":"","overlay-opacity":"","overlay-gradient":""},"tablet":{"background-color":"","background-image":"","background-repeat":"repeat","background-position":"center center","background-size":"auto","background-attachment":"scroll","background-type":"","background-media":"","overlay-type":"","overlay-color":"","overlay-opacity":"","overlay-gradient":""},"mobile":{"background-color":"","background-image":"","background-repeat":"repeat","background-position":"center center","background-size":"auto","background-attachment":"scroll","background-type":"","background-media":"","overlay-type":"","overlay-color":"","overlay-opacity":"","overlay-gradient":""}},"ast-content-background-meta":{"desktop":{"background-color":"var(--ast-global-color-5)","background-image":"","background-repeat":"repeat","background-position":"center center","background-size":"auto","background-attachment":"scroll","background-type":"","background-media":"","overlay-type":"","overlay-color":"","overlay-opacity":"","overlay-gradient":""},"tablet":{"background-color":"var(--ast-global-color-5)","background-image":"","background-repeat":"repeat","background-position":"center center","background-size":"auto","background-attachment":"scroll","background-type":"","background-media":"","overlay-type":"","overlay-color":"","overlay-opacity":"","overlay-gradient":""},"mobile":{"background-color":"var(--ast-global-color-5)","background-image":"","background-repeat":"repeat","background-position":"center center","background-size":"auto","background-attachment":"scroll","background-type":"","background-media":"","overlay-type":"","overlay-color":"","overlay-opacity":"","overlay-gradient":""}},"footnotes":""},"class_list":["post-3415","page","type-page","status-publish","hentry"],"_hostinger_reach_plugin_has_subscription_block":false,"_hostinger_reach_plugin_is_elementor":false,"_links":{"self":[{"href":"https:\/\/bulltradebot.com\/pt\/wp-json\/wp\/v2\/pages\/3415","targetHints":{"allow":["GET"]}}],"collection":[{"href":"https:\/\/bulltradebot.com\/pt\/wp-json\/wp\/v2\/pages"}],"about":[{"href":"https:\/\/bulltradebot.com\/pt\/wp-json\/wp\/v2\/types\/page"}],"author":[{"embeddable":true,"href":"https:\/\/bulltradebot.com\/pt\/wp-json\/wp\/v2\/users\/7"}],"replies":[{"embeddable":true,"href":"https:\/\/bulltradebot.com\/pt\/wp-json\/wp\/v2\/comments?post=3415"}],"version-history":[{"count":1,"href":"https:\/\/bulltradebot.com\/pt\/wp-json\/wp\/v2\/pages\/3415\/revisions"}],"predecessor-version":[{"id":3416,"href":"https:\/\/bulltradebot.com\/pt\/wp-json\/wp\/v2\/pages\/3415\/revisions\/3416"}],"wp:attachment":[{"href":"https:\/\/bulltradebot.com\/pt\/wp-json\/wp\/v2\/media?parent=3415"}],"curies":[{"name":"wp","href":"https:\/\/api.w.org\/{rel}","templated":true}]}}