{"id":3403,"date":"2024-11-09T19:16:07","date_gmt":"2024-11-09T19:16:07","guid":{"rendered":"https:\/\/bulltradebot.com\/?page_id=3403"},"modified":"2024-11-09T19:16:57","modified_gmt":"2024-11-09T19:16:57","slug":"tutorial-sobre-como-criar-uma-chave-de-api-okx","status":"publish","type":"page","link":"https:\/\/bulltradebot.com\/pt\/tutorial-sobre-como-criar-uma-chave-de-api-okx\/","title":{"rendered":"Tutorial para criar uma chave de API OKX"},"content":{"rendered":"<div data-elementor-type=\"wp-page\" data-elementor-id=\"3403\" class=\"elementor elementor-3403\">\n\t\t\t\t\t\t<section class=\"elementor-section elementor-top-section elementor-element elementor-element-5e9c9bfd elementor-section-boxed elementor-section-height-default elementor-section-height-default wpr-particle-no wpr-jarallax-no wpr-parallax-no wpr-sticky-section-no wpr-equal-height-no\" data-id=\"5e9c9bfd\" data-element_type=\"section\" data-e-type=\"section\">\n\t\t\t\t\t\t<div class=\"elementor-container elementor-column-gap-default\">\n\t\t\t\t\t<div class=\"elementor-column elementor-col-100 elementor-top-column elementor-element elementor-element-3d373c7c\" data-id=\"3d373c7c\" data-element_type=\"column\" data-e-type=\"column\">\n\t\t\t<div class=\"elementor-widget-wrap elementor-element-populated\">\n\t\t\t\t\t\t<div class=\"elementor-element elementor-element-6fcb3676 elementor-widget elementor-widget-text-editor\" data-id=\"6fcb3676\" data-element_type=\"widget\" data-e-type=\"widget\" data-widget_type=\"text-editor.default\">\n\t\t\t\t<div class=\"elementor-widget-container\">\n\t\t\t\t\t\t\t\t\t<h1>Tutorial para criar chave de API no OKX<\/h1>\r\n<h2>Etapa 1: fa\u00e7a login na sua conta OKX<\/h2>\r\n<ol>\r\n \t<li>Acesse o site da OKX e fa\u00e7a login com seus dados de usu\u00e1rio.<\/li>\r\n \t<li>Conclua qualquer verifica\u00e7\u00e3o de seguran\u00e7a adicional (como autentica\u00e7\u00e3o 2FA com Google Authenticator ou SMS), se habilitada em sua conta.<\/li>\r\n<\/ol>\r\n<h2>Etapa 2: acessar as configura\u00e7\u00f5es da API<\/h2>\r\n<ol>\r\n \t<li>Depois de fazer login na sua conta, clique no \u00edcone do seu perfil no canto superior direito.<\/li>\r\n \t<li>Selecione a op\u00e7\u00e3o \u201cAPI\u201d no menu suspenso para acessar a se\u00e7\u00e3o de gerenciamento de API.<\/li>\r\n<\/ol>\r\n<h2>Etapa 3: Criar uma nova chave de API<\/h2>\r\n<ol>\r\n \t<li>Na p\u00e1gina da API, selecione \u201cCriar API\u201d.<\/li>\r\n \t<li>D\u00ea um nome \u00e0 sua API (por exemplo, \u201cTrading Bot\u201d).<\/li>\r\n \t<li>Insira uma senha. Esta senha \u00e9 \u00fanica e ser\u00e1 usada para conectar aplicativos de terceiros \u00e0 sua API, portanto, lembre-se dela.<\/li>\r\n<\/ol>\r\n<h2>Etapa 4: Configurar permiss\u00f5es de API<\/h2>\r\n<ol>\r\n \t<li><strong>Permiss\u00f5es somente leitura:<\/strong> Selecione esta op\u00e7\u00e3o se voc\u00ea quiser que somente a API tenha acesso \u00e0s informa\u00e7\u00f5es da sua conta.<\/li>\r\n \t<li><strong>Permiss\u00f5es de negocia\u00e7\u00e3o:<\/strong> Se voc\u00ea quiser que o bot ou aplicativo opere na sua conta, ative esta op\u00e7\u00e3o.<\/li>\r\n \t<li><strong>Retirar permiss\u00e3o:<\/strong> N\u00e3o ative esta op\u00e7\u00e3o.<\/li>\r\n \t<li><strong>Conselho:<\/strong> Selecione apenas as permiss\u00f5es necess\u00e1rias (leitura e negocia\u00e7\u00e3o) e evite a permiss\u00e3o de retirada para maior seguran\u00e7a.<\/li>\r\n<\/ol>\r\n<h2>Etapa 5: Configurar restri\u00e7\u00f5es de IP (N\u00c3O APLIC\u00c1VEL)<\/h2>\r\nO OKX permite que voc\u00ea restrinja o acesso \u00e0 API a endere\u00e7os IP espec\u00edficos, uma op\u00e7\u00e3o recomendada por motivos de seguran\u00e7a.\r\n<ol>\r\n \t<li>Se voc\u00ea tiver um endere\u00e7o IP fixo para o dispositivo ou servidor que usar\u00e1 a API, adicione-o \u00e0 se\u00e7\u00e3o \u201cLista de permiss\u00f5es de IP\u201d.<\/li>\r\n \t<li>Isso limitar\u00e1 o uso da API a esse IP espec\u00edfico, protegendo-a de acesso n\u00e3o autorizado.<\/li>\r\n<\/ol>\r\n<h2>Etapa 6: Conclua a verifica\u00e7\u00e3o de seguran\u00e7a<\/h2>\r\n<ol>\r\n \t<li>O OKX solicitar\u00e1 que voc\u00ea verifique a cria\u00e7\u00e3o da API usando autentica\u00e7\u00e3o de seguran\u00e7a:\r\n<ul>\r\n \t<li><strong>C\u00f3digo de verifica\u00e7\u00e3o por SMS ou e-mail:<\/strong> A OKX enviar\u00e1 um c\u00f3digo de confirma\u00e7\u00e3o para seu e-mail ou telefone.<\/li>\r\n \t<li><strong>C\u00f3digo do Google Authenticator (2FA):<\/strong> Insira o c\u00f3digo gerado no seu aplicativo autenticador, se ele estiver habilitado.<\/li>\r\n<\/ul>\r\n<\/li>\r\n \t<li>Conclua esta verifica\u00e7\u00e3o e clique em Confirmar.<\/li>\r\n<\/ol>\r\n<h2>Etapa 7: Salve a chave da API e o segredo da API<\/h2>\r\n<ol>\r\n \t<li>Assim que a verifica\u00e7\u00e3o estiver conclu\u00edda, o OKX gerar\u00e1 sua chave de API e seu segredo de API.<\/li>\r\n \t<li>Guarde essas informa\u00e7\u00f5es em um local seguro, pois a chave secreta s\u00f3 ser\u00e1 exibida uma vez. Anote-a ou guarde-a em um gerenciador de senhas.<\/li>\r\n<\/ol>\r\n<strong>Nota importante:<\/strong> Nunca compartilhe sua chave de API ou segredo de API com ningu\u00e9m e n\u00e3o os armazene em locais inseguros.\r\n<h2>Etapa 8: Conecte a API ao seu bot de negocia\u00e7\u00e3o BULL TRADING BOT<\/h2>\r\n<ol>\r\n \t<li>Use a chave de API, o segredo de API e a frase de seguran\u00e7a que voc\u00ea configurou para se conectar \u00e0 API no seu BTB usando o formul\u00e1rio correspondente encontrado no seu perfil do Bull Trade Bot.<\/li>\r\n \t<li>Siga as instru\u00e7\u00f5es do aplicativo ou bot para uma configura\u00e7\u00e3o segura e verifique se as permiss\u00f5es e a conex\u00e3o est\u00e3o corretas.<\/li>\r\n<\/ol>\r\n<h2>Etapa 9: verificar o status da API e testar (opcional)<\/h2>\r\n<ol>\r\n \t<li>Depois de conectar a API, verifique se ela est\u00e1 funcionando corretamente.<\/li>\r\n \t<li>Ap\u00f3s enviar sua chave de API, o sistema ter\u00e1 48 horas para notific\u00e1-lo se ela foi aceita ou rejeitada; voc\u00ea ser\u00e1 notificado por e-mail.<\/li>\r\n \t<li>Se poss\u00edvel, teste com pedidos pequenos para confirmar se a API est\u00e1 configurada corretamente antes de us\u00e1-la para transa\u00e7\u00f5es regulares.<\/li>\r\n<\/ol>\r\n<h2>Dicas adicionais de seguran\u00e7a<\/h2>\r\n<ul>\r\n \t<li>N\u00e3o compartilhe a API com terceiros; use-a somente para BTB.<\/li>\r\n \t<li>Desative a API se n\u00e3o planeja us\u00e1-la imediatamente ou por um tempo.<\/li>\r\n \t<li>Revise as permiss\u00f5es periodicamente para garantir que elas n\u00e3o tenham sido alteradas.<\/li>\r\n<\/ul>\t\t\t\t\t\t\t\t<\/div>\n\t\t\t\t<\/div>\n\t\t\t\t\t<\/div>\n\t\t<\/div>\n\t\t\t\t\t<\/div>\n\t\t<\/section>\n\t\t\t\t<\/div>","protected":false},"excerpt":{"rendered":"<p>Tutorial para Crear Clave API en OKX Paso 1: Inicia sesi\u00f3n en tu cuenta de OKX Ve al sitio web de OKX e inicia sesi\u00f3n con tus datos de usuario. Completa cualquier verificaci\u00f3n de seguridad adicional (como la autenticaci\u00f3n 2FA con Google Authenticator o SMS) si est\u00e1 habilitada en tu cuenta. Paso 2: Accede a<\/p>","protected":false},"author":7,"featured_media":0,"parent":0,"menu_order":0,"comment_status":"closed","ping_status":"closed","template":"","meta":{"site-sidebar-layout":"default","site-content-layout":"","ast-site-content-layout":"default","site-content-style":"default","site-sidebar-style":"default","ast-global-header-display":"","ast-banner-title-visibility":"","ast-main-header-display":"","ast-hfb-above-header-display":"","ast-hfb-below-header-display":"","ast-hfb-mobile-header-display":"","site-post-title":"","ast-breadcrumbs-content":"","ast-featured-img":"","footer-sml-layout":"","ast-disable-related-posts":"","theme-transparent-header-meta":"default","adv-header-id-meta":"","stick-header-meta":"default","header-above-stick-meta":"","header-main-stick-meta":"","header-below-stick-meta":"","astra-migrate-meta-layouts":"set","ast-page-background-enabled":"default","ast-page-background-meta":{"desktop":{"background-color":"var(--ast-global-color-4)","background-image":"","background-repeat":"repeat","background-position":"center center","background-size":"auto","background-attachment":"scroll","background-type":"","background-media":"","overlay-type":"","overlay-color":"","overlay-opacity":"","overlay-gradient":""},"tablet":{"background-color":"","background-image":"","background-repeat":"repeat","background-position":"center center","background-size":"auto","background-attachment":"scroll","background-type":"","background-media":"","overlay-type":"","overlay-color":"","overlay-opacity":"","overlay-gradient":""},"mobile":{"background-color":"","background-image":"","background-repeat":"repeat","background-position":"center center","background-size":"auto","background-attachment":"scroll","background-type":"","background-media":"","overlay-type":"","overlay-color":"","overlay-opacity":"","overlay-gradient":""}},"ast-content-background-meta":{"desktop":{"background-color":"var(--ast-global-color-5)","background-image":"","background-repeat":"repeat","background-position":"center center","background-size":"auto","background-attachment":"scroll","background-type":"","background-media":"","overlay-type":"","overlay-color":"","overlay-opacity":"","overlay-gradient":""},"tablet":{"background-color":"var(--ast-global-color-5)","background-image":"","background-repeat":"repeat","background-position":"center center","background-size":"auto","background-attachment":"scroll","background-type":"","background-media":"","overlay-type":"","overlay-color":"","overlay-opacity":"","overlay-gradient":""},"mobile":{"background-color":"var(--ast-global-color-5)","background-image":"","background-repeat":"repeat","background-position":"center center","background-size":"auto","background-attachment":"scroll","background-type":"","background-media":"","overlay-type":"","overlay-color":"","overlay-opacity":"","overlay-gradient":""}},"footnotes":""},"class_list":["post-3403","page","type-page","status-publish","hentry"],"_hostinger_reach_plugin_has_subscription_block":false,"_hostinger_reach_plugin_is_elementor":false,"_links":{"self":[{"href":"https:\/\/bulltradebot.com\/pt\/wp-json\/wp\/v2\/pages\/3403","targetHints":{"allow":["GET"]}}],"collection":[{"href":"https:\/\/bulltradebot.com\/pt\/wp-json\/wp\/v2\/pages"}],"about":[{"href":"https:\/\/bulltradebot.com\/pt\/wp-json\/wp\/v2\/types\/page"}],"author":[{"embeddable":true,"href":"https:\/\/bulltradebot.com\/pt\/wp-json\/wp\/v2\/users\/7"}],"replies":[{"embeddable":true,"href":"https:\/\/bulltradebot.com\/pt\/wp-json\/wp\/v2\/comments?post=3403"}],"version-history":[{"count":4,"href":"https:\/\/bulltradebot.com\/pt\/wp-json\/wp\/v2\/pages\/3403\/revisions"}],"predecessor-version":[{"id":3407,"href":"https:\/\/bulltradebot.com\/pt\/wp-json\/wp\/v2\/pages\/3403\/revisions\/3407"}],"wp:attachment":[{"href":"https:\/\/bulltradebot.com\/pt\/wp-json\/wp\/v2\/media?parent=3403"}],"curies":[{"name":"wp","href":"https:\/\/api.w.org\/{rel}","templated":true}]}}