{"id":3395,"date":"2024-11-09T18:38:52","date_gmt":"2024-11-09T18:38:52","guid":{"rendered":"https:\/\/bulltradebot.com\/?page_id=3395"},"modified":"2024-11-09T18:47:57","modified_gmt":"2024-11-09T18:47:57","slug":"tutorial-para-criar-uma-chave-de-api-kucoin","status":"publish","type":"page","link":"https:\/\/bulltradebot.com\/pt\/tutorial-para-criar-uma-chave-de-api-kucoin\/","title":{"rendered":"TUTORIAL CRIAR CHAVE DE API KUCOIN"},"content":{"rendered":"<div data-elementor-type=\"wp-page\" data-elementor-id=\"3395\" class=\"elementor elementor-3395\">\n\t\t\t\t\t\t<section class=\"elementor-section elementor-top-section elementor-element elementor-element-27a448a elementor-section-boxed elementor-section-height-default elementor-section-height-default wpr-particle-no wpr-jarallax-no wpr-parallax-no wpr-sticky-section-no wpr-equal-height-no\" data-id=\"27a448a\" data-element_type=\"section\" data-e-type=\"section\">\n\t\t\t\t\t\t<div class=\"elementor-container elementor-column-gap-default\">\n\t\t\t\t\t<div class=\"elementor-column elementor-col-100 elementor-top-column elementor-element elementor-element-6901ad4b\" data-id=\"6901ad4b\" data-element_type=\"column\" data-e-type=\"column\">\n\t\t\t<div class=\"elementor-widget-wrap elementor-element-populated\">\n\t\t\t\t\t\t<div class=\"elementor-element elementor-element-ab96e1e elementor-widget elementor-widget-text-editor\" data-id=\"ab96e1e\" data-element_type=\"widget\" data-e-type=\"widget\" data-widget_type=\"text-editor.default\">\n\t\t\t\t<div class=\"elementor-widget-container\">\n\t\t\t\t\t\t\t\t\t<h1>Tutorial para criar uma chave de API na KuCoin<\/h1>\r\n<h2>Etapa 1: fa\u00e7a login na sua conta KuCoin<\/h2>\r\n<ol>\r\n \t<li>Acesse o site da KuCoin e certifique-se de inserir seus dados de login corretamente.<\/li>\r\n \t<li>Conclua qualquer autentica\u00e7\u00e3o adicional, como verifica\u00e7\u00e3o 2FA (Google Authenticator ou SMS), se estiver habilitada.<\/li>\r\n<\/ol>\r\n<h2>Etapa 2: v\u00e1 para Configura\u00e7\u00f5es da conta<\/h2>\r\n<ol>\r\n \t<li>Depois de fazer login na sua conta, clique no seu perfil (o \u00edcone da sua conta ou avatar) no canto superior direito.<\/li>\r\n \t<li>No menu suspenso, selecione \u201cConfigura\u00e7\u00f5es da conta\u201d.<\/li>\r\n<\/ol>\r\n<h2>Etapa 3: navegue at\u00e9 a se\u00e7\u00e3o Gerenciamento de API<\/h2>\r\n<ol>\r\n \t<li>Na p\u00e1gina de configura\u00e7\u00f5es da conta, localize e selecione a op\u00e7\u00e3o \u201cGerenciamento de API\u201d.<\/li>\r\n \t<li>\u00c9 aqui que voc\u00ea criar\u00e1 e gerenciar\u00e1 chaves de API que podem ser usadas para se conectar a outros aplicativos ou servi\u00e7os.<\/li>\r\n<\/ol>\r\n<h2>Etapa 4: Criar uma nova chave de API<\/h2>\r\n<ol>\r\n \t<li>Clique em \u201cCriar API\u201d.<\/li>\r\n \t<li>Digite um nome para sua API (por exemplo, \u201cBot de negocia\u00e7\u00e3o\u201d).<\/li>\r\n \t<li>Na descri\u00e7\u00e3o, voc\u00ea pode adicionar detalhes para ajudar voc\u00ea a lembrar como usar esta API.<\/li>\r\n<\/ol>\r\n<h2>Etapa 5: Configurar permiss\u00f5es de API<\/h2>\r\n<ol>\r\n \t<li><strong>Permiss\u00f5es somente leitura:<\/strong> Marque esta op\u00e7\u00e3o se voc\u00ea deseja apenas que a API leia as informa\u00e7\u00f5es da sua conta.<\/li>\r\n \t<li><strong>Permiss\u00f5es de negocia\u00e7\u00e3o:<\/strong> Se o seu bot precisar executar negocia\u00e7\u00f5es, selecione esta op\u00e7\u00e3o.<\/li>\r\n \t<li><strong>Retirar permiss\u00e3o:<\/strong> N\u00e3o habilite esta op\u00e7\u00e3o para um bot de negocia\u00e7\u00e3o b\u00e1sico.<\/li>\r\n<\/ol>\r\n<strong>Conselho:<\/strong> Deixe a op\u00e7\u00e3o de retirada desmarcada, pois apenas permiss\u00f5es de leitura e negocia\u00e7\u00e3o s\u00e3o necess\u00e1rias para a maioria dos bots de negocia\u00e7\u00e3o.\r\n<h2>Etapa 6: Configurar restri\u00e7\u00f5es de IP (recomendado)<\/h2>\r\nPara maior seguran\u00e7a, o KuCoin permite que voc\u00ea restrinja o acesso \u00e0 API a endere\u00e7os IP espec\u00edficos.\r\n<h2>Etapa 7: Autentica\u00e7\u00e3o e verifica\u00e7\u00e3o de seguran\u00e7a<\/h2>\r\n<ol>\r\n \t<li>A KuCoin solicitar\u00e1 que voc\u00ea conclua uma verifica\u00e7\u00e3o de seguran\u00e7a para confirmar que voc\u00ea \u00e9 o titular da conta:\r\n<ul>\r\n \t<li>C\u00f3digo de verifica\u00e7\u00e3o por SMS ou e-mail: Voc\u00ea receber\u00e1 um c\u00f3digo de confirma\u00e7\u00e3o.<\/li>\r\n \t<li>C\u00f3digo do Google Authenticator (2FA): insira o c\u00f3digo gerado pelo seu aplicativo autenticador (se ativado).<\/li>\r\n<\/ul>\r\n<\/li>\r\n \t<li>Conclua a verifica\u00e7\u00e3o e clique em Confirmar para prosseguir.<\/li>\r\n<\/ol>\r\n<h2>Etapa 8: Salve sua chave de API e segredo de API<\/h2>\r\n<ol>\r\n \t<li>Ap\u00f3s a confirma\u00e7\u00e3o, a KuCoin gerar\u00e1 sua chave de API e seu segredo de API.<\/li>\r\n \t<li>Guarde estas informa\u00e7\u00f5es em um lugar seguro! A chave secreta ser\u00e1 exibida apenas uma vez, portanto, anote-a ou salve-a em um gerenciador de senhas seguro.<\/li>\r\n<\/ol>\r\n<strong>Nota importante:<\/strong> Nunca compartilhe sua chave de API ou segredo de API com ningu\u00e9m e n\u00e3o os armazene em locais inseguros.\r\n<h2>Etapa 9: Conecte sua API ao Trading Bot<\/h2>\r\n<ol>\r\n \t<li>Com sua chave de API, segredo de API e possivelmente detalhes da senha, agora voc\u00ea pode inserir essas informa\u00e7\u00f5es nas configura\u00e7\u00f5es do seu bot ou aplicativo de negocia\u00e7\u00e3o.<\/li>\r\n \t<li>Certifique-se de seguir as instru\u00e7\u00f5es espec\u00edficas do aplicativo ou bot para uma conex\u00e3o segura.<\/li>\r\n<\/ol>\r\n<h2>Etapa 10: verificar o status da API e testar (opcional)<\/h2>\r\n<ol>\r\n \t<li>Depois que a chave de API for relatada, levar\u00e1 at\u00e9 48 horas para receber uma notifica\u00e7\u00e3o por e-mail informando se ela foi aceita ou rejeitada.<\/li>\r\n \t<li>O BTB realizar\u00e1 testes antes de voc\u00ea come\u00e7ar a negociar pequenas ordens para garantir que a API esteja configurada corretamente antes de realizar negocia\u00e7\u00f5es em massa.<\/li>\r\n<\/ol>\r\n<strong>CLIQUE PARA BAIXAR<\/strong> \u279c\u00a0 <a href=\"https:\/\/bulltradebot.com\/wp-content\/uploads\/2024\/11\/TUTORIAL-CLAVE-API-KUCOIN-V2.03.pdf\">TUTORIAL DA CHAVE DE API DA KUCOIN V2.03<\/a>\t\t\t\t\t\t\t\t<\/div>\n\t\t\t\t<\/div>\n\t\t\t\t\t<\/div>\n\t\t<\/div>\n\t\t\t\t\t<\/div>\n\t\t<\/section>\n\t\t\t\t<\/div>","protected":false},"excerpt":{"rendered":"<p>Tutorial para criar uma chave de API na KuCoin Passo 1: Fa\u00e7a login na sua conta KuCoin. Acesse o site da KuCoin e certifique-se de inserir seus dados de login corretamente. Conclua qualquer autentica\u00e7\u00e3o adicional, como a verifica\u00e7\u00e3o 2FA (Google Authenticator ou SMS), se estiver habilitada. Passo 2: Acesse as Configura\u00e7\u00f5es da KuCoin.<\/p>","protected":false},"author":7,"featured_media":0,"parent":0,"menu_order":0,"comment_status":"closed","ping_status":"closed","template":"","meta":{"site-sidebar-layout":"default","site-content-layout":"","ast-site-content-layout":"default","site-content-style":"default","site-sidebar-style":"default","ast-global-header-display":"","ast-banner-title-visibility":"","ast-main-header-display":"","ast-hfb-above-header-display":"","ast-hfb-below-header-display":"","ast-hfb-mobile-header-display":"","site-post-title":"","ast-breadcrumbs-content":"","ast-featured-img":"","footer-sml-layout":"","ast-disable-related-posts":"","theme-transparent-header-meta":"default","adv-header-id-meta":"","stick-header-meta":"default","header-above-stick-meta":"","header-main-stick-meta":"","header-below-stick-meta":"","astra-migrate-meta-layouts":"set","ast-page-background-enabled":"default","ast-page-background-meta":{"desktop":{"background-color":"var(--ast-global-color-4)","background-image":"","background-repeat":"repeat","background-position":"center center","background-size":"auto","background-attachment":"scroll","background-type":"","background-media":"","overlay-type":"","overlay-color":"","overlay-opacity":"","overlay-gradient":""},"tablet":{"background-color":"","background-image":"","background-repeat":"repeat","background-position":"center center","background-size":"auto","background-attachment":"scroll","background-type":"","background-media":"","overlay-type":"","overlay-color":"","overlay-opacity":"","overlay-gradient":""},"mobile":{"background-color":"","background-image":"","background-repeat":"repeat","background-position":"center center","background-size":"auto","background-attachment":"scroll","background-type":"","background-media":"","overlay-type":"","overlay-color":"","overlay-opacity":"","overlay-gradient":""}},"ast-content-background-meta":{"desktop":{"background-color":"var(--ast-global-color-5)","background-image":"","background-repeat":"repeat","background-position":"center center","background-size":"auto","background-attachment":"scroll","background-type":"","background-media":"","overlay-type":"","overlay-color":"","overlay-opacity":"","overlay-gradient":""},"tablet":{"background-color":"var(--ast-global-color-5)","background-image":"","background-repeat":"repeat","background-position":"center center","background-size":"auto","background-attachment":"scroll","background-type":"","background-media":"","overlay-type":"","overlay-color":"","overlay-opacity":"","overlay-gradient":""},"mobile":{"background-color":"var(--ast-global-color-5)","background-image":"","background-repeat":"repeat","background-position":"center center","background-size":"auto","background-attachment":"scroll","background-type":"","background-media":"","overlay-type":"","overlay-color":"","overlay-opacity":"","overlay-gradient":""}},"footnotes":""},"class_list":["post-3395","page","type-page","status-publish","hentry"],"_hostinger_reach_plugin_has_subscription_block":false,"_hostinger_reach_plugin_is_elementor":false,"_links":{"self":[{"href":"https:\/\/bulltradebot.com\/pt\/wp-json\/wp\/v2\/pages\/3395","targetHints":{"allow":["GET"]}}],"collection":[{"href":"https:\/\/bulltradebot.com\/pt\/wp-json\/wp\/v2\/pages"}],"about":[{"href":"https:\/\/bulltradebot.com\/pt\/wp-json\/wp\/v2\/types\/page"}],"author":[{"embeddable":true,"href":"https:\/\/bulltradebot.com\/pt\/wp-json\/wp\/v2\/users\/7"}],"replies":[{"embeddable":true,"href":"https:\/\/bulltradebot.com\/pt\/wp-json\/wp\/v2\/comments?post=3395"}],"version-history":[{"count":4,"href":"https:\/\/bulltradebot.com\/pt\/wp-json\/wp\/v2\/pages\/3395\/revisions"}],"predecessor-version":[{"id":3401,"href":"https:\/\/bulltradebot.com\/pt\/wp-json\/wp\/v2\/pages\/3395\/revisions\/3401"}],"wp:attachment":[{"href":"https:\/\/bulltradebot.com\/pt\/wp-json\/wp\/v2\/media?parent=3395"}],"curies":[{"name":"wp","href":"https:\/\/api.w.org\/{rel}","templated":true}]}}