{"id":3415,"date":"2024-11-09T19:37:29","date_gmt":"2024-11-09T19:37:29","guid":{"rendered":"https:\/\/bulltradebot.com\/?page_id=3415"},"modified":"2024-11-09T19:37:29","modified_gmt":"2024-11-09T19:37:29","slug":"tutoriel-sur-la-creation-dune-api-sur-bitfinex","status":"publish","type":"page","link":"https:\/\/bulltradebot.com\/fr\/tutoriel-sur-la-creation-dune-api-sur-bitfinex\/","title":{"rendered":"TUTORIEL POUR CR\u00c9ER UNE API DANS BITFINEX"},"content":{"rendered":"<h1>Tutoriel pour cr\u00e9er une cl\u00e9 API dans Bitfinex<\/h1>\n<h2>\u00c9tape 1\u00a0: Connectez-vous \u00e0 votre compte Bitfinex<\/h2>\n<ol>\n<li>Acc\u00e9dez au site Web de Bitfinex et connectez-vous avec vos informations de connexion.<\/li>\n<li>Effectuez toutes les v\u00e9rifications de s\u00e9curit\u00e9 suppl\u00e9mentaires, telles que l&#039;authentification \u00e0 deux facteurs (2FA) \u00e0 l&#039;aide de Google Authenticator ou SMS, si vous les avez activ\u00e9es.<\/li>\n<\/ol>\n<h2>\u00c9tape 2\u00a0: Acc\u00e9der aux param\u00e8tres de l&#039;API<\/h2>\n<ol>\n<li>Une fois connect\u00e9 \u00e0 votre compte, cliquez sur l&#039;ic\u00f4ne utilisateur dans le coin sup\u00e9rieur droit pour acc\u00e9der au menu des options.<\/li>\n<li>S\u00e9lectionnez \u00ab API \u00bb dans le menu d\u00e9roulant pour ouvrir la page de gestion des API.<\/li>\n<\/ol>\n<h2>\u00c9tape 3\u00a0: Cr\u00e9er une nouvelle cl\u00e9 API<\/h2>\n<ol>\n<li>Sur la page API, cliquez sur \u00ab\u00a0Cr\u00e9er une nouvelle cl\u00e9 API\u00a0\u00bb.<\/li>\n<li>Saisissez un nom pour la cl\u00e9 API (par exemple, \u00ab Trading Bot \u00bb) afin de pouvoir l\u2019identifier facilement \u00e0 l\u2019avenir.<\/li>\n<\/ol>\n<h2>\u00c9tape 4\u00a0: Configurer les autorisations de l\u2019API<\/h2>\n<ol>\n<li><strong>Autorisation de lecture\u00a0:<\/strong> Cochez cette option si vous souhaitez uniquement que l&#039;API ait acc\u00e8s aux donn\u00e9es de votre compte, sans ex\u00e9cuter aucune transaction.<\/li>\n<li><strong>Permis de commerce :<\/strong> Cochez cette option si vous souhaitez que le bot ou l&#039;application puisse fonctionner sur votre compte.<\/li>\n<li><strong>Permis de retrait :<\/strong> N&#039;activez pas cette option pour une API de trading de base, car elle pr\u00e9sente des risques de s\u00e9curit\u00e9.<\/li>\n<\/ol>\n<p><strong>Conseil:<\/strong> S\u00e9lectionnez uniquement les autorisations n\u00e9cessaires. En g\u00e9n\u00e9ral, seules les autorisations de lecture et d&#039;\u00e9change sont requises.<\/p>\n<h2>\u00c9tape 5\u00a0: Configurer les restrictions IP<\/h2>\n<p>Pour am\u00e9liorer la s\u00e9curit\u00e9, Bitfinex vous permet de restreindre l&#039;utilisation de l&#039;API \u00e0 une IP sp\u00e9cifique\u00a0:<\/p>\n<ol>\n<li style=\"list-style-type: none;\">\n<ol>\n<li>Utilisez ce qui suit <strong>Liste blanche IP<\/strong> Pour configurer votre cl\u00e9 API dans BTB\u00a0:<\/li>\n<\/ol>\n<\/li>\n<\/ol>\n<pre>103.26.9.1 103.26.9.14 103.26.9.27 103.26.9.40 103.26.9.53 103.26.9.66 103.26.9.79 103.26.9.92 103.26.9.105 103.26.9.118 103.26.9.131 103.26.9.144 103.26.9.157 103.26.9.170 103.26.9.183 103.26.9.196 103.26.9.209 103.26.9.222 103.26.9.235 103.26.9.248<\/pre>\n<ol>\n<li>Cela limitera l&#039;utilisation de l&#039;API \u00e0 cette adresse IP uniquement, prot\u00e9geant ainsi votre compte contre tout acc\u00e8s non autoris\u00e9.<\/li>\n<\/ol>\n<h2>\u00c9tape 6\u00a0:\u00a0Terminez le contr\u00f4le de s\u00e9curit\u00e9<\/h2>\n<ol>\n<li>Bitfinex vous demandera d&#039;effectuer une v\u00e9rification de s\u00e9curit\u00e9 pour confirmer la cr\u00e9ation de la cl\u00e9 API\u00a0:\n<ul>\n<li><strong>Code de v\u00e9rification 2FA\u00a0:<\/strong> Si vous avez activ\u00e9 la 2FA, saisissez le code de Google Authenticator ou de l&#039;application d&#039;authentification que vous utilisez.<\/li>\n<\/ul>\n<\/li>\n<li>Une fois la s\u00e9curit\u00e9 v\u00e9rifi\u00e9e, cliquez sur G\u00e9n\u00e9rer la cl\u00e9 API.<\/li>\n<\/ol>\n<h2>\u00c9tape 7\u00a0: Enregistrez la cl\u00e9 API et le secret API<\/h2>\n<ol>\n<li>Une fois la v\u00e9rification termin\u00e9e, Bitfinex g\u00e9n\u00e9rera votre cl\u00e9 API et votre secret API.<\/li>\n<li>Conservez ces informations en lieu s\u00fbr, car le secret n&#039;est affich\u00e9 qu&#039;une seule fois. Il est recommand\u00e9 de les stocker dans un gestionnaire de mots de passe s\u00e9curis\u00e9.<\/li>\n<\/ol>\n<p><strong>Remarque importante :<\/strong> Ne partagez jamais votre cl\u00e9 API ou votre secret API avec qui que ce soit et ne les stockez pas dans des endroits non s\u00e9curis\u00e9s.<\/p>\n<h2>\u00c9tape 8\u00a0: Connectez l&#039;API \u00e0 votre robot de trading dans BULL TRADING BOT<\/h2>\n<ol>\n<li>Utilisez le formulaire dans votre profil Bull Trade Bot pour signaler votre cl\u00e9 API et votre secret API \u00e0 BTB, en suivant les instructions sp\u00e9cifiques \u00e0 l&#039;application.<\/li>\n<li>V\u00e9rifiez que les autorisations et les param\u00e8tres de l\u2019API sont corrects avant de continuer.<\/li>\n<\/ol>\n<h2>\u00c9tape 9\u00a0: V\u00e9rifier l\u2019\u00e9tat de l\u2019API et tester (facultatif)<\/h2>\n<ol>\n<li>Apr\u00e8s avoir connect\u00e9 l&#039;API, BTB effectue un test pour s&#039;assurer qu&#039;elle fonctionne correctement.<\/li>\n<li>Une fois la cl\u00e9 API soumise \u00e0 BTB, vous recevrez un e-mail confirmant son acceptation ou son refus d&#039;utilisation sur BTB, avec l&#039;autorisation de votre plateforme d&#039;\u00e9change. Des tests seront ensuite effectu\u00e9s sur des ordres de faible montant afin de confirmer la configuration de l&#039;API avant son utilisation pour des transactions r\u00e9guli\u00e8res.<\/li>\n<\/ol>\n<h2>Conseils de s\u00e9curit\u00e9 suppl\u00e9mentaires<\/h2>\n<ul>\n<li>Ne partagez pas l&#039;API avec des tiers et utilisez-la uniquement avec des applications de confiance.<\/li>\n<li>D\u00e9sactivez l&#039;API si vous ne pr\u00e9voyez pas de l&#039;utiliser pendant un certain temps.<\/li>\n<li>V\u00e9rifiez r\u00e9guli\u00e8rement les autorisations de l\u2019API pour vous assurer qu\u2019elles n\u2019ont pas chang\u00e9.<\/li>\n<\/ul>\n<p>&nbsp;<\/p>","protected":false},"excerpt":{"rendered":"<p>Tutorial para Crear Clave API en Bitfinex Paso 1: Inicia sesi\u00f3n en tu cuenta de Bitfinex Ve al sitio web de Bitfinex e inicia sesi\u00f3n con tus datos de usuario. Completa cualquier verificaci\u00f3n adicional de seguridad, como la autenticaci\u00f3n de dos factores (2FA) mediante Google Authenticator o SMS, si la tienes habilitada. Paso 2: Accede<\/p>","protected":false},"author":7,"featured_media":0,"parent":0,"menu_order":0,"comment_status":"closed","ping_status":"closed","template":"","meta":{"site-sidebar-layout":"default","site-content-layout":"","ast-site-content-layout":"default","site-content-style":"default","site-sidebar-style":"default","ast-global-header-display":"","ast-banner-title-visibility":"","ast-main-header-display":"","ast-hfb-above-header-display":"","ast-hfb-below-header-display":"","ast-hfb-mobile-header-display":"","site-post-title":"","ast-breadcrumbs-content":"","ast-featured-img":"","footer-sml-layout":"","ast-disable-related-posts":"","theme-transparent-header-meta":"default","adv-header-id-meta":"","stick-header-meta":"default","header-above-stick-meta":"","header-main-stick-meta":"","header-below-stick-meta":"","astra-migrate-meta-layouts":"set","ast-page-background-enabled":"default","ast-page-background-meta":{"desktop":{"background-color":"var(--ast-global-color-4)","background-image":"","background-repeat":"repeat","background-position":"center center","background-size":"auto","background-attachment":"scroll","background-type":"","background-media":"","overlay-type":"","overlay-color":"","overlay-opacity":"","overlay-gradient":""},"tablet":{"background-color":"","background-image":"","background-repeat":"repeat","background-position":"center center","background-size":"auto","background-attachment":"scroll","background-type":"","background-media":"","overlay-type":"","overlay-color":"","overlay-opacity":"","overlay-gradient":""},"mobile":{"background-color":"","background-image":"","background-repeat":"repeat","background-position":"center center","background-size":"auto","background-attachment":"scroll","background-type":"","background-media":"","overlay-type":"","overlay-color":"","overlay-opacity":"","overlay-gradient":""}},"ast-content-background-meta":{"desktop":{"background-color":"var(--ast-global-color-5)","background-image":"","background-repeat":"repeat","background-position":"center center","background-size":"auto","background-attachment":"scroll","background-type":"","background-media":"","overlay-type":"","overlay-color":"","overlay-opacity":"","overlay-gradient":""},"tablet":{"background-color":"var(--ast-global-color-5)","background-image":"","background-repeat":"repeat","background-position":"center center","background-size":"auto","background-attachment":"scroll","background-type":"","background-media":"","overlay-type":"","overlay-color":"","overlay-opacity":"","overlay-gradient":""},"mobile":{"background-color":"var(--ast-global-color-5)","background-image":"","background-repeat":"repeat","background-position":"center center","background-size":"auto","background-attachment":"scroll","background-type":"","background-media":"","overlay-type":"","overlay-color":"","overlay-opacity":"","overlay-gradient":""}},"footnotes":""},"class_list":["post-3415","page","type-page","status-publish","hentry"],"_hostinger_reach_plugin_has_subscription_block":false,"_hostinger_reach_plugin_is_elementor":false,"_links":{"self":[{"href":"https:\/\/bulltradebot.com\/fr\/wp-json\/wp\/v2\/pages\/3415","targetHints":{"allow":["GET"]}}],"collection":[{"href":"https:\/\/bulltradebot.com\/fr\/wp-json\/wp\/v2\/pages"}],"about":[{"href":"https:\/\/bulltradebot.com\/fr\/wp-json\/wp\/v2\/types\/page"}],"author":[{"embeddable":true,"href":"https:\/\/bulltradebot.com\/fr\/wp-json\/wp\/v2\/users\/7"}],"replies":[{"embeddable":true,"href":"https:\/\/bulltradebot.com\/fr\/wp-json\/wp\/v2\/comments?post=3415"}],"version-history":[{"count":1,"href":"https:\/\/bulltradebot.com\/fr\/wp-json\/wp\/v2\/pages\/3415\/revisions"}],"predecessor-version":[{"id":3416,"href":"https:\/\/bulltradebot.com\/fr\/wp-json\/wp\/v2\/pages\/3415\/revisions\/3416"}],"wp:attachment":[{"href":"https:\/\/bulltradebot.com\/fr\/wp-json\/wp\/v2\/media?parent=3415"}],"curies":[{"name":"wp","href":"https:\/\/api.w.org\/{rel}","templated":true}]}}