{"id":3409,"date":"2024-11-09T19:25:56","date_gmt":"2024-11-09T19:25:56","guid":{"rendered":"https:\/\/bulltradebot.com\/?page_id=3409"},"modified":"2025-12-30T23:38:28","modified_gmt":"2025-12-30T23:38:28","slug":"tutoriel-pour-creer-une-cle-api-bybit","status":"publish","type":"page","link":"https:\/\/bulltradebot.com\/fr\/tutoriel-pour-creer-une-cle-api-bybit\/","title":{"rendered":"TUTORIEL CR\u00c9ER UNE CL\u00c9 API BYBIT"},"content":{"rendered":"<div data-elementor-type=\"wp-page\" data-elementor-id=\"3409\" class=\"elementor elementor-3409\">\n\t\t\t\t\t\t<section class=\"elementor-section elementor-top-section elementor-element elementor-element-0d0a052 elementor-section-boxed elementor-section-height-default elementor-section-height-default wpr-particle-no wpr-jarallax-no wpr-parallax-no wpr-sticky-section-no wpr-equal-height-no\" data-id=\"0d0a052\" data-element_type=\"section\" data-e-type=\"section\">\n\t\t\t\t\t\t<div class=\"elementor-container elementor-column-gap-default\">\n\t\t\t\t\t<div class=\"elementor-column elementor-col-100 elementor-top-column elementor-element elementor-element-97b0c9a\" data-id=\"97b0c9a\" data-element_type=\"column\" data-e-type=\"column\">\n\t\t\t<div class=\"elementor-widget-wrap elementor-element-populated\">\n\t\t\t\t\t\t<div class=\"elementor-element elementor-element-38d60c1 elementor-widget elementor-widget-html\" data-id=\"38d60c1\" data-element_type=\"widget\" data-e-type=\"widget\" data-widget_type=\"html.default\">\n\t\t\t\t<div class=\"elementor-widget-container\">\n\t\t\t\t\t<div style=\"background-color: #050a14; color: #00f2ff; font-family: 'Segoe UI', Roboto, Helvetica, Arial, sans-serif; padding: 20px; border: 2px solid #00f2ff; border-radius: 15px; max-width: 900px; margin: auto; box-shadow: 0 0 30px rgba(0, 242, 255, 0.2); line-height: 1.6;\">\r\n\r\n    <!-- CSS Animaci\u00f3n para el parpadeo -->\r\n    <style>\r\n        @keyframes blinker {\r\n            50% { opacity: 0; }\r\n        }\r\n        .blink-text {\r\n            animation: blinker 1s linear infinite;\r\n            font-weight: bold;\r\n            color: #ffffff;\r\n        }\r\n    <\/style>\r\n\r\n    <!-- HEADER -->\r\n    <div style=\"text-align: center; border-bottom: 2px solid #00f2ff; padding-bottom: 20px; margin-bottom: 30px; position: relative; overflow: hidden;\">\r\n        <h1 style=\"text-transform: uppercase; letter-spacing: 2px; margin: 0; font-size: 2.2em; text-shadow: 0 0 10px #00f2ff;\">C\u00d3MO CREAR CLAVE API EN BYBIT<\/h1>\r\n        <p style=\"color: #ffffff; font-weight: bold; margin-top: 10px;\">TUTORIAL OFICIAL BYBIT - BULL TRADING BOT<\/p>\r\n    <\/div>\r\n\r\n    <!-- VIDEO TUTORIAL M\u00d3DULO - IMAGEN DE REFERENCIA Y LINK -->\r\n    <div style=\"background: rgba(0, 242, 255, 0.1); border: 1px solid #00f2ff; padding: 20px; border-radius: 10px; margin-bottom: 30px; text-align: center;\">\r\n        <h3 style=\"color: #fff; margin-top: 0;\">\ud83c\udfa5 APOYO AUDIOVISUAL<\/h3>\r\n        <p style=\"font-size: 0.9em; color: #b0fbff; margin-bottom: 15px;\">Para una gu\u00eda visual completa, accede al videotutorial haciendo clic en el bot\u00f3n inferior:<\/p>\r\n        \r\n        <!-- Imagen de Referencia de Robot y Trading -->\r\n        <div style=\"margin: 0 auto; max-width: 500px; border: 1px solid rgba(0, 242, 255, 0.5); border-radius: 8px; overflow: hidden; position: relative; background: #000;\">\r\n            <div style=\"padding: 40px 20px; opacity: 0.8;\">\r\n                \r\n            <\/div>\r\n            <!-- Overlay de \"Play\" simb\u00f3lico -->\r\n            <div style=\"position: absolute; top: 50%; left: 50%; transform: translate(-50%, -50%); color: #00f2ff; font-size: 4em; opacity: 0.9;\">\r\n                \u25b6\r\n            <\/div>\r\n        <\/div>\r\n\r\n        <div style=\"margin-top: 20px;\">\r\n            <a href=\"https:\/\/www.youtube.com\/watch?v=a7u89Q_fuGU\" target=\"_blank\" style=\"display: inline-block; background: #ff0000; color: #fff; padding: 12px 30px; border-radius: 5px; text-decoration: none; font-weight: bold; font-size: 1.1em; box-shadow: 0 0 15px rgba(255, 0, 0, 0.4);\">\r\n                HAGA CLIC AQU\u00cd PARA VER EL VIDEO\r\n            <\/a>\r\n            <p style=\"margin-top: 10px; font-size: 0.75em; color: #b0fbff;\">\r\n                *El video se abrir\u00e1 en una nueva pesta\u00f1a de YouTube.\r\n            <\/p>\r\n        <\/div>\r\n    <\/div>\r\n\r\n    <!-- PASO 1 Y 2 -->\r\n    <div style=\"display: flex; flex-wrap: wrap; gap: 20px; margin-bottom: 30px;\">\r\n        <div style=\"flex: 1; min-width: 280px; background: rgba(0, 242, 255, 0.05); padding: 15px; border-left: 4px solid #00f2ff; border-radius: 5px;\">\r\n            <h3 style=\"margin-top: 0; color: #fff;\"><span style=\"background: #00f2ff; color: #000; padding: 2px 8px; border-radius: 3px; margin-right: 10px;\">01<\/span> ACCESO AL SISTEMA<\/h3>\r\n            <p style=\"font-size: 0.9em; color: #b0fbff;\">Inicia sesi\u00f3n en Bybit. Completa la verificaci\u00f3n <strong>2FA<\/strong> (Google Authenticator o SMS) para autorizar la entrada a la red.<\/p>\r\n        <\/div>\r\n        <div style=\"flex: 1; min-width: 280px; background: rgba(0, 242, 255, 0.05); padding: 15px; border-left: 4px solid #00f2ff; border-radius: 5px;\">\r\n            <h3 style=\"margin-top: 0; color: #fff;\"><span style=\"background: #00f2ff; color: #000; padding: 2px 8px; border-radius: 3px; margin-right: 10px;\">02<\/span> CONFIGURACI\u00d3N API<\/h3>\r\n            <p style=\"font-size: 0.9em; color: #b0fbff;\">Haz clic en tu icono de <strong>Perfil<\/strong> (esquina superior derecha) y selecciona la opci\u00f3n <strong>\"API\"<\/strong> en el men\u00fa desplegable.<\/p>\r\n        <\/div>\r\n    <\/div>\r\n\r\n    <!-- PASO 3 Y 4 -->\r\n    <div style=\"background: rgba(10, 20, 40, 0.8); border: 1px solid #004a50; padding: 20px; border-radius: 10px; margin-bottom: 30px; border-top: 3px solid #00f2ff;\">\r\n        <h3 style=\"text-align: center; color: #00f2ff;\">CREACI\u00d3N DE NUEVA CLAVE<\/h3>\r\n        <div style=\"display: grid; grid-template-columns: 1fr 1fr; gap: 20px;\">\r\n            <div style=\"padding: 10px;\">\r\n                <p><strong>Paso 3:<\/strong> Selecciona <strong>\"CLAVES API GENERADAS POR EL SISTEMA\"<\/strong> y luego elige <strong>\"TRANSACCI\u00d3N API\"<\/strong>.<\/p>\r\n                <ul style=\"list-style: none; padding-left: 0; font-size: 0.85em;\">\r\n                    <li style=\"margin-bottom: 8px;\">\u2714\ufe0f <strong>Nombre:<\/strong> Usa la primera parte de tu email (ej: <em>fjuetw53<\/em>).<\/li>\r\n                    <li style=\"margin-bottom: 8px;\">\u2714\ufe0f <strong>Permisos:<\/strong> Selecciona \"Lectura-Editar\".<\/li>\r\n                <\/ul>\r\n            <\/div>\r\n            <div style=\"padding: 10px; border-left: 1px dashed #00f2ff;\">\r\n                <p><strong>Paso 4:<\/strong> Ajuste de Red.<\/p>\r\n                <div style=\"background: #ff3e3e; color: #fff; padding: 10px; border-radius: 5px; font-size: 0.8em; text-align: center;\">\r\n                    \u26a0\ufe0f SELECCIONAR: \"SIN RESTRICCI\u00d3N DE IP\"\r\n                <\/div>\r\n            <\/div>\r\n        <\/div>\r\n    <\/div>\r\n\r\n    <!-- PASO 5: PERMISOS DETALLADOS -->\r\n    <div style=\"background: rgba(0, 242, 255, 0.03); border: 1px solid #00f2ff; padding: 20px; border-radius: 10px; margin-bottom: 30px;\">\r\n        <h3 style=\"margin-top: 0; color: #fff; text-align: center;\">PASO 5: PROTOCOLO DE PERMISOS ADICIONALES<\/h3>\r\n        <div style=\"display: flex; flex-wrap: wrap; gap: 10px; justify-content: center;\">\r\n            <div style=\"background: #002b36; border: 1px solid #00f2ff; padding: 5px 15px; border-radius: 20px; font-size: 0.8em;\">ORDENES<\/div>\r\n            <div style=\"background: #002b36; border: 1px solid #00f2ff; padding: 5px 15px; border-radius: 20px; font-size: 0.8em;\">POSICIONES<\/div>\r\n            <div style=\"background: #002b36; border: 1px solid #00f2ff; padding: 5px 15px; border-radius: 20px; font-size: 0.8em;\">TRADING UNIFICADO<\/div>\r\n            <div style=\"background: #002b36; border: 1px solid #00f2ff; padding: 5px 15px; border-radius: 20px; font-size: 0.8em;\">PLACE<\/div>\r\n            <div style=\"background: #002b36; border: 1px solid #00f2ff; padding: 5px 15px; border-radius: 20px; font-size: 0.8em;\">TRANSF. CUENTA\/SUBCUENTA<\/div>\r\n            <div style=\"background: #002b36; border: 1px solid #00f2ff; padding: 5px 15px; border-radius: 20px; font-size: 0.8em;\">CONTRATOS USDC<\/div>\r\n        <\/div>\r\n    <\/div>\r\n\r\n    <!-- PASOS FINALES -->\r\n    <div style=\"display: flex; flex-wrap: wrap; gap: 20px; margin-bottom: 30px;\">\r\n        <div style=\"flex: 1; min-width: 250px; background: #0a1420; padding: 15px; border: 1px solid #00f2ff;\">\r\n            <h4 style=\"margin-top: 0;\">PASO 6 Y 7: VALIDACI\u00d3N<\/h4>\r\n            <p style=\"font-size: 0.85em;\">Haz clic en <strong>\"Enviar\"<\/strong> y completa la verificaci\u00f3n de seguridad final con tu c\u00f3digo Google Authenticator.<\/p>\r\n        <\/div>\r\n        \r\n        <div style=\"flex: 1; min-width: 250px; background: #b30000; padding: 15px; border: 2px solid #ffffff; box-shadow: 0 0 15px #ff0000;\">\r\n            <h4 style=\"margin-top: 0; color: #ffffff; text-shadow: 1px 1px 2px #000;\">PASO 8: BACKUP CR\u00cdTICO<\/h4>\r\n            <p class=\"blink-text\" style=\"font-size: 0.9em; margin-bottom: 0;\">\r\n                COPIA Y GUARDA TU API KEY Y API SECRET EN UN BLOCK DE NOTAS O WORD.\r\n            <\/p>\r\n        <\/div>\r\n    <\/div>\r\n\r\n    <!-- MODULO VINCULACION -->\r\n    <div style=\"background: linear-gradient(90deg, #001a1a 0%, #004a4a 100%); padding: 20px; border-radius: 10px; border: 1px solid #00f2ff; margin-bottom: 30px;\">\r\n        <h3 style=\"margin-top: 0; color: #fff;\">VINCULACI\u00d3N EN BULL TRADE BOT<\/h3>\r\n        <p style=\"font-size: 0.9em;\">Accede con tu usuario y contrase\u00f1a en <a href=\"https:\/\/bulltradebot.com\/fr\/\" style=\"color: #00f2ff; font-weight: bold;\">www.bulltradebot.com<\/a> e ingresa tus claves en la secci\u00f3n \"INVERSIONES\".<\/p>\r\n    <\/div>\r\n\r\n    <!-- MODULOS DE CONTROL AVANZADO ACTUALIZADOS -->\r\n    <div style=\"border-top: 2px solid #00f2ff; padding-top: 20px;\">\r\n        <h2 style=\"text-align: center; color: #00f2ff; text-transform: uppercase; font-size: 1.5em;\">Configuraci\u00f3n Post-Reporte<\/h2>\r\n        <p style=\"text-align: center; font-size: 0.85em; margin-bottom: 20px; color: #ffdada;\">\u26a0\ufe0f Estas opciones se configuran dentro del <strong>Perfil de Usuario<\/strong> en la web oficial.<\/p>\r\n        \r\n        <div style=\"display: grid; grid-template-columns: 1fr 1fr; gap: 15px;\">\r\n            <!-- NIVELES DE OPERACION -->\r\n            <div style=\"background: rgba(0, 242, 255, 0.08); padding: 15px; border-radius: 5px; border: 1px solid #00f2ff;\">\r\n                <h4 style=\"color: #00f2ff; margin-top: 0; border-bottom: 1px solid #00f2ff; padding-bottom: 5px;\">NIVELES DE OPERACI\u00d3N<\/h4>\r\n                <p style=\"font-size: 0.8em; color: #fff;\">Una vez reportada tu API, selecciona obligatoriamente tu nivel:<\/p>\r\n                <ul style=\"font-size: 0.8em; color: #00f2ff; list-style-type: square; padding-left: 20px;\">\r\n                    <li><strong>PROFIT RAPIDE<\/strong><\/li>\r\n                    <li><strong>COMMER\u00c7ANT ROCKIE<\/strong><\/li>\r\n                    <li><strong>TITULAIRE COMMERCIAL<\/strong><\/li>\r\n                <\/ul>\r\n            <\/div>\r\n\r\n            <!-- GESTION DE CAPITAL -->\r\n            <div style=\"background: rgba(0, 242, 255, 0.08); padding: 15px; border-radius: 5px; border: 1px solid #00f2ff;\">\r\n                <h4 style=\"color: #00f2ff; margin-top: 0; border-bottom: 1px solid #00f2ff; padding-bottom: 5px;\">GESTI\u00d3N DE CAPITAL<\/h4>\r\n                <p style=\"font-size: 0.8em; color: #fff;\">Tras elegir tu nivel, establece tu estrategia de capital:<\/p>\r\n                <ul style=\"font-size: 0.8em; color: #00f2ff; list-style-type: square; padding-left: 20px;\">\r\n                    <li><strong>LE MIEN<\/strong><\/li>\r\n                    <li><strong>MOA<\/strong><\/li>\r\n                    <li><strong>GME<\/strong><\/li>\r\n                    <li><strong>MAC<\/strong><\/li>\r\n                <\/ul>\r\n            <\/div>\r\n        <\/div>\r\n    <\/div>\r\n\r\n    <!-- FOOTER \/ SOPORTE -->\r\n    <div style=\"margin-top: 40px; text-align: center; background: #00f2ff; color: #000; padding: 10px; font-weight: bold; border-radius: 5px;\">\r\n        SOPORTE T\u00c9CNICO WHATSAPP: +57 315 709 2519\r\n    <\/div>\r\n<\/div>\r\n\t\t\t\t<\/div>\n\t\t\t\t<\/div>\n\t\t\t\t\t<\/div>\n\t\t<\/div>\n\t\t\t\t\t<\/div>\n\t\t<\/section>\n\t\t\t\t<\/div>","protected":false},"excerpt":{"rendered":"<p>C\u00d3MO CREAR CLAVE API EN BYBIT TUTORIAL OFICIAL BYBIT &#8211; BULL TRADING BOT \ud83c\udfa5 APOYO AUDIOVISUAL Para una gu\u00eda visual completa, accede al videotutorial haciendo clic en el bot\u00f3n inferior: \u25b6 HAGA CLIC AQU\u00cd PARA VER EL VIDEO *El video se abrir\u00e1 en una nueva pesta\u00f1a de YouTube. 01 ACCESO AL SISTEMA Inicia sesi\u00f3n en<\/p>","protected":false},"author":7,"featured_media":0,"parent":0,"menu_order":0,"comment_status":"closed","ping_status":"closed","template":"","meta":{"site-sidebar-layout":"default","site-content-layout":"","ast-site-content-layout":"default","site-content-style":"default","site-sidebar-style":"default","ast-global-header-display":"","ast-banner-title-visibility":"","ast-main-header-display":"","ast-hfb-above-header-display":"","ast-hfb-below-header-display":"","ast-hfb-mobile-header-display":"","site-post-title":"","ast-breadcrumbs-content":"","ast-featured-img":"","footer-sml-layout":"","ast-disable-related-posts":"","theme-transparent-header-meta":"default","adv-header-id-meta":"","stick-header-meta":"default","header-above-stick-meta":"","header-main-stick-meta":"","header-below-stick-meta":"","astra-migrate-meta-layouts":"set","ast-page-background-enabled":"default","ast-page-background-meta":{"desktop":{"background-color":"var(--ast-global-color-4)","background-image":"","background-repeat":"repeat","background-position":"center center","background-size":"auto","background-attachment":"scroll","background-type":"","background-media":"","overlay-type":"","overlay-color":"","overlay-opacity":"","overlay-gradient":""},"tablet":{"background-color":"","background-image":"","background-repeat":"repeat","background-position":"center center","background-size":"auto","background-attachment":"scroll","background-type":"","background-media":"","overlay-type":"","overlay-color":"","overlay-opacity":"","overlay-gradient":""},"mobile":{"background-color":"","background-image":"","background-repeat":"repeat","background-position":"center center","background-size":"auto","background-attachment":"scroll","background-type":"","background-media":"","overlay-type":"","overlay-color":"","overlay-opacity":"","overlay-gradient":""}},"ast-content-background-meta":{"desktop":{"background-color":"var(--ast-global-color-5)","background-image":"","background-repeat":"repeat","background-position":"center center","background-size":"auto","background-attachment":"scroll","background-type":"","background-media":"","overlay-type":"","overlay-color":"","overlay-opacity":"","overlay-gradient":""},"tablet":{"background-color":"var(--ast-global-color-5)","background-image":"","background-repeat":"repeat","background-position":"center center","background-size":"auto","background-attachment":"scroll","background-type":"","background-media":"","overlay-type":"","overlay-color":"","overlay-opacity":"","overlay-gradient":""},"mobile":{"background-color":"var(--ast-global-color-5)","background-image":"","background-repeat":"repeat","background-position":"center center","background-size":"auto","background-attachment":"scroll","background-type":"","background-media":"","overlay-type":"","overlay-color":"","overlay-opacity":"","overlay-gradient":""}},"footnotes":""},"class_list":["post-3409","page","type-page","status-publish","hentry"],"_hostinger_reach_plugin_has_subscription_block":false,"_hostinger_reach_plugin_is_elementor":false,"_links":{"self":[{"href":"https:\/\/bulltradebot.com\/fr\/wp-json\/wp\/v2\/pages\/3409","targetHints":{"allow":["GET"]}}],"collection":[{"href":"https:\/\/bulltradebot.com\/fr\/wp-json\/wp\/v2\/pages"}],"about":[{"href":"https:\/\/bulltradebot.com\/fr\/wp-json\/wp\/v2\/types\/page"}],"author":[{"embeddable":true,"href":"https:\/\/bulltradebot.com\/fr\/wp-json\/wp\/v2\/users\/7"}],"replies":[{"embeddable":true,"href":"https:\/\/bulltradebot.com\/fr\/wp-json\/wp\/v2\/comments?post=3409"}],"version-history":[{"count":16,"href":"https:\/\/bulltradebot.com\/fr\/wp-json\/wp\/v2\/pages\/3409\/revisions"}],"predecessor-version":[{"id":4934,"href":"https:\/\/bulltradebot.com\/fr\/wp-json\/wp\/v2\/pages\/3409\/revisions\/4934"}],"wp:attachment":[{"href":"https:\/\/bulltradebot.com\/fr\/wp-json\/wp\/v2\/media?parent=3409"}],"curies":[{"name":"wp","href":"https:\/\/api.w.org\/{rel}","templated":true}]}}