{"id":3403,"date":"2024-11-09T19:16:07","date_gmt":"2024-11-09T19:16:07","guid":{"rendered":"https:\/\/bulltradebot.com\/?page_id=3403"},"modified":"2024-11-09T19:16:57","modified_gmt":"2024-11-09T19:16:57","slug":"tutoriel-sur-la-creation-dune-cle-api-okx","status":"publish","type":"page","link":"https:\/\/bulltradebot.com\/fr\/tutoriel-sur-la-creation-dune-cle-api-okx\/","title":{"rendered":"Tutoriel pour cr\u00e9er une cl\u00e9 API OKX"},"content":{"rendered":"<div data-elementor-type=\"wp-page\" data-elementor-id=\"3403\" class=\"elementor elementor-3403\">\n\t\t\t\t\t\t<section class=\"elementor-section elementor-top-section elementor-element elementor-element-5e9c9bfd elementor-section-boxed elementor-section-height-default elementor-section-height-default wpr-particle-no wpr-jarallax-no wpr-parallax-no wpr-sticky-section-no wpr-equal-height-no\" data-id=\"5e9c9bfd\" data-element_type=\"section\" data-e-type=\"section\">\n\t\t\t\t\t\t<div class=\"elementor-container elementor-column-gap-default\">\n\t\t\t\t\t<div class=\"elementor-column elementor-col-100 elementor-top-column elementor-element elementor-element-3d373c7c\" data-id=\"3d373c7c\" data-element_type=\"column\" data-e-type=\"column\">\n\t\t\t<div class=\"elementor-widget-wrap elementor-element-populated\">\n\t\t\t\t\t\t<div class=\"elementor-element elementor-element-6fcb3676 elementor-widget elementor-widget-text-editor\" data-id=\"6fcb3676\" data-element_type=\"widget\" data-e-type=\"widget\" data-widget_type=\"text-editor.default\">\n\t\t\t\t<div class=\"elementor-widget-container\">\n\t\t\t\t\t\t\t\t\t<h1>Tutoriel pour cr\u00e9er une cl\u00e9 API dans OKX<\/h1>\r\n<h2>\u00c9tape 1\u00a0: Connectez-vous \u00e0 votre compte OKX<\/h2>\r\n<ol>\r\n \t<li>Acc\u00e9dez au site Web OKX et connectez-vous avec vos informations d&#039;utilisateur.<\/li>\r\n \t<li>Effectuez toute v\u00e9rification de s\u00e9curit\u00e9 suppl\u00e9mentaire (telle que l&#039;authentification 2FA avec Google Authenticator ou SMS) si elle est activ\u00e9e sur votre compte.<\/li>\r\n<\/ol>\r\n<h2>\u00c9tape 2\u00a0: Acc\u00e9der aux param\u00e8tres de l&#039;API<\/h2>\r\n<ol>\r\n \t<li>Une fois connect\u00e9 \u00e0 votre compte, cliquez sur l&#039;ic\u00f4ne de votre profil dans le coin sup\u00e9rieur droit.<\/li>\r\n \t<li>S\u00e9lectionnez l\u2019option \u00ab API \u00bb dans le menu d\u00e9roulant pour acc\u00e9der \u00e0 la section de gestion des API.<\/li>\r\n<\/ol>\r\n<h2>\u00c9tape 3\u00a0: Cr\u00e9er une nouvelle cl\u00e9 API<\/h2>\r\n<ol>\r\n \t<li>Sur la page API, s\u00e9lectionnez \u00ab\u00a0Cr\u00e9er une API\u00a0\u00bb.<\/li>\r\n \t<li>Donnez un nom \u00e0 votre API (par exemple, \u00ab Trading Bot \u00bb).<\/li>\r\n \t<li>Saisissez une phrase secr\u00e8te. Cette phrase est unique et sera utilis\u00e9e pour connecter des applications tierces \u00e0 votre API\u00a0; assurez-vous donc de la m\u00e9moriser.<\/li>\r\n<\/ol>\r\n<h2>\u00c9tape 4\u00a0: Configurer les autorisations de l\u2019API<\/h2>\r\n<ol>\r\n \t<li><strong>Autorisations en lecture seule\u00a0:<\/strong> S\u00e9lectionnez cette option si vous souhaitez que l\u2019API ait uniquement acc\u00e8s aux informations de votre compte.<\/li>\r\n \t<li><strong>Autorisations de n\u00e9gociation\u00a0:<\/strong> Si vous souhaitez que le bot ou l&#039;application puisse fonctionner sur votre compte, activez cette option.<\/li>\r\n \t<li><strong>Retirer l&#039;autorisation :<\/strong> N&#039;activez pas cette option.<\/li>\r\n \t<li><strong>Conseil:<\/strong> S\u00e9lectionnez uniquement les autorisations n\u00e9cessaires (lecture et \u00e9change) et \u00e9vitez l&#039;autorisation de retrait pour plus de s\u00e9curit\u00e9.<\/li>\r\n<\/ol>\r\n<h2>\u00c9tape 5\u00a0: Configurer les restrictions IP (NON APPLICABLE)<\/h2>\r\nOKX vous permet de restreindre l&#039;acc\u00e8s API \u00e0 des adresses IP sp\u00e9cifiques, une option recommand\u00e9e pour des raisons de s\u00e9curit\u00e9.\r\n<ol>\r\n \t<li>Si vous disposez d\u2019une adresse IP fixe pour l\u2019appareil ou le serveur qui utilisera l\u2019API, ajoutez-la \u00e0 la section \u00ab Liste blanche IP \u00bb.<\/li>\r\n \t<li>Cela limitera l&#039;utilisation de l&#039;API \u00e0 cette adresse IP sp\u00e9cifique, la prot\u00e9geant ainsi contre tout acc\u00e8s non autoris\u00e9.<\/li>\r\n<\/ol>\r\n<h2>\u00c9tape 6\u00a0:\u00a0Terminez le contr\u00f4le de s\u00e9curit\u00e9<\/h2>\r\n<ol>\r\n \t<li>OKX vous demandera de v\u00e9rifier la cr\u00e9ation de l&#039;API \u00e0 l&#039;aide de l&#039;authentification de s\u00e9curit\u00e9\u00a0:\r\n<ul>\r\n \t<li><strong>Code de v\u00e9rification par SMS ou par e-mail\u00a0:<\/strong> OKX vous enverra un code de confirmation par e-mail ou par t\u00e9l\u00e9phone.<\/li>\r\n \t<li><strong>Code Google Authenticator (2FA)\u00a0:<\/strong> Saisissez le code g\u00e9n\u00e9r\u00e9 dans votre application d&#039;authentification si elle est activ\u00e9e.<\/li>\r\n<\/ul>\r\n<\/li>\r\n \t<li>Terminez cette v\u00e9rification et cliquez sur Confirmer.<\/li>\r\n<\/ol>\r\n<h2>\u00c9tape 7\u00a0: Enregistrez la cl\u00e9 API et le secret API<\/h2>\r\n<ol>\r\n \t<li>Une fois la v\u00e9rification termin\u00e9e, OKX g\u00e9n\u00e9rera votre cl\u00e9 API et votre secret API.<\/li>\r\n \t<li>Conservez ces informations en lieu s\u00fbr, car la cl\u00e9 secr\u00e8te ne sera affich\u00e9e qu&#039;une seule fois. Notez-les ou stockez-les dans un gestionnaire de mots de passe.<\/li>\r\n<\/ol>\r\n<strong>Remarque importante :<\/strong> Ne partagez jamais votre cl\u00e9 API ou votre secret API avec qui que ce soit et ne les stockez pas dans des endroits non s\u00e9curis\u00e9s.\r\n<h2>\u00c9tape 8\u00a0: Connectez l&#039;API \u00e0 votre robot de trading BULL TRADING BOT<\/h2>\r\n<ol>\r\n \t<li>Utilisez la cl\u00e9 API, le secret API et la phrase de s\u00e9curit\u00e9 que vous avez configur\u00e9s pour vous connecter \u00e0 l&#039;API sur votre BTB \u00e0 l&#039;aide du formulaire correspondant trouv\u00e9 dans votre profil Bull Trade Bot.<\/li>\r\n \t<li>Suivez les instructions de l&#039;application ou du bot pour une configuration s\u00e9curis\u00e9e et v\u00e9rifiez que les autorisations et la connexion sont correctes.<\/li>\r\n<\/ol>\r\n<h2>\u00c9tape 9\u00a0: V\u00e9rifier l\u2019\u00e9tat de l\u2019API et tester (facultatif)<\/h2>\r\n<ol>\r\n \t<li>Une fois l&#039;API connect\u00e9e, v\u00e9rifiez qu&#039;elle fonctionne correctement.<\/li>\r\n \t<li>Une fois que vous aurez soumis votre cl\u00e9 API, le syst\u00e8me disposera de 48 heures pour vous informer si elle a \u00e9t\u00e9 accept\u00e9e ou rejet\u00e9e ; vous serez averti par e-mail.<\/li>\r\n \t<li>Si possible, testez avec de petites commandes pour confirmer que l&#039;API est correctement configur\u00e9e avant de l&#039;utiliser pour des transactions r\u00e9guli\u00e8res.<\/li>\r\n<\/ol>\r\n<h2>Conseils de s\u00e9curit\u00e9 suppl\u00e9mentaires<\/h2>\r\n<ul>\r\n \t<li>Ne partagez pas l&#039;API avec des tiers\u00a0; utilisez-la uniquement pour le BTB.<\/li>\r\n \t<li>D\u00e9sactivez l&#039;API si vous ne pr\u00e9voyez pas de l&#039;utiliser imm\u00e9diatement ou pendant un certain temps.<\/li>\r\n \t<li>V\u00e9rifiez r\u00e9guli\u00e8rement les autorisations pour vous assurer qu\u2019elles n\u2019ont pas chang\u00e9.<\/li>\r\n<\/ul>\t\t\t\t\t\t\t\t<\/div>\n\t\t\t\t<\/div>\n\t\t\t\t\t<\/div>\n\t\t<\/div>\n\t\t\t\t\t<\/div>\n\t\t<\/section>\n\t\t\t\t<\/div>","protected":false},"excerpt":{"rendered":"<p>Tutorial para Crear Clave API en OKX Paso 1: Inicia sesi\u00f3n en tu cuenta de OKX Ve al sitio web de OKX e inicia sesi\u00f3n con tus datos de usuario. Completa cualquier verificaci\u00f3n de seguridad adicional (como la autenticaci\u00f3n 2FA con Google Authenticator o SMS) si est\u00e1 habilitada en tu cuenta. Paso 2: Accede a<\/p>","protected":false},"author":7,"featured_media":0,"parent":0,"menu_order":0,"comment_status":"closed","ping_status":"closed","template":"","meta":{"site-sidebar-layout":"default","site-content-layout":"","ast-site-content-layout":"default","site-content-style":"default","site-sidebar-style":"default","ast-global-header-display":"","ast-banner-title-visibility":"","ast-main-header-display":"","ast-hfb-above-header-display":"","ast-hfb-below-header-display":"","ast-hfb-mobile-header-display":"","site-post-title":"","ast-breadcrumbs-content":"","ast-featured-img":"","footer-sml-layout":"","ast-disable-related-posts":"","theme-transparent-header-meta":"default","adv-header-id-meta":"","stick-header-meta":"default","header-above-stick-meta":"","header-main-stick-meta":"","header-below-stick-meta":"","astra-migrate-meta-layouts":"set","ast-page-background-enabled":"default","ast-page-background-meta":{"desktop":{"background-color":"var(--ast-global-color-4)","background-image":"","background-repeat":"repeat","background-position":"center center","background-size":"auto","background-attachment":"scroll","background-type":"","background-media":"","overlay-type":"","overlay-color":"","overlay-opacity":"","overlay-gradient":""},"tablet":{"background-color":"","background-image":"","background-repeat":"repeat","background-position":"center center","background-size":"auto","background-attachment":"scroll","background-type":"","background-media":"","overlay-type":"","overlay-color":"","overlay-opacity":"","overlay-gradient":""},"mobile":{"background-color":"","background-image":"","background-repeat":"repeat","background-position":"center center","background-size":"auto","background-attachment":"scroll","background-type":"","background-media":"","overlay-type":"","overlay-color":"","overlay-opacity":"","overlay-gradient":""}},"ast-content-background-meta":{"desktop":{"background-color":"var(--ast-global-color-5)","background-image":"","background-repeat":"repeat","background-position":"center center","background-size":"auto","background-attachment":"scroll","background-type":"","background-media":"","overlay-type":"","overlay-color":"","overlay-opacity":"","overlay-gradient":""},"tablet":{"background-color":"var(--ast-global-color-5)","background-image":"","background-repeat":"repeat","background-position":"center center","background-size":"auto","background-attachment":"scroll","background-type":"","background-media":"","overlay-type":"","overlay-color":"","overlay-opacity":"","overlay-gradient":""},"mobile":{"background-color":"var(--ast-global-color-5)","background-image":"","background-repeat":"repeat","background-position":"center center","background-size":"auto","background-attachment":"scroll","background-type":"","background-media":"","overlay-type":"","overlay-color":"","overlay-opacity":"","overlay-gradient":""}},"footnotes":""},"class_list":["post-3403","page","type-page","status-publish","hentry"],"_hostinger_reach_plugin_has_subscription_block":false,"_hostinger_reach_plugin_is_elementor":false,"_links":{"self":[{"href":"https:\/\/bulltradebot.com\/fr\/wp-json\/wp\/v2\/pages\/3403","targetHints":{"allow":["GET"]}}],"collection":[{"href":"https:\/\/bulltradebot.com\/fr\/wp-json\/wp\/v2\/pages"}],"about":[{"href":"https:\/\/bulltradebot.com\/fr\/wp-json\/wp\/v2\/types\/page"}],"author":[{"embeddable":true,"href":"https:\/\/bulltradebot.com\/fr\/wp-json\/wp\/v2\/users\/7"}],"replies":[{"embeddable":true,"href":"https:\/\/bulltradebot.com\/fr\/wp-json\/wp\/v2\/comments?post=3403"}],"version-history":[{"count":4,"href":"https:\/\/bulltradebot.com\/fr\/wp-json\/wp\/v2\/pages\/3403\/revisions"}],"predecessor-version":[{"id":3407,"href":"https:\/\/bulltradebot.com\/fr\/wp-json\/wp\/v2\/pages\/3403\/revisions\/3407"}],"wp:attachment":[{"href":"https:\/\/bulltradebot.com\/fr\/wp-json\/wp\/v2\/media?parent=3403"}],"curies":[{"name":"wp","href":"https:\/\/api.w.org\/{rel}","templated":true}]}}