{"id":3395,"date":"2024-11-09T18:38:52","date_gmt":"2024-11-09T18:38:52","guid":{"rendered":"https:\/\/bulltradebot.com\/?page_id=3395"},"modified":"2024-11-09T18:47:57","modified_gmt":"2024-11-09T18:47:57","slug":"tutoriel-pour-creer-une-cle-api-kucoin","status":"publish","type":"page","link":"https:\/\/bulltradebot.com\/fr\/tutoriel-pour-creer-une-cle-api-kucoin\/","title":{"rendered":"TUTORIEL CR\u00c9ER UNE CL\u00c9 API KUCOIN"},"content":{"rendered":"<div data-elementor-type=\"wp-page\" data-elementor-id=\"3395\" class=\"elementor elementor-3395\">\n\t\t\t\t\t\t<section class=\"elementor-section elementor-top-section elementor-element elementor-element-27a448a elementor-section-boxed elementor-section-height-default elementor-section-height-default wpr-particle-no wpr-jarallax-no wpr-parallax-no wpr-sticky-section-no wpr-equal-height-no\" data-id=\"27a448a\" data-element_type=\"section\" data-e-type=\"section\">\n\t\t\t\t\t\t<div class=\"elementor-container elementor-column-gap-default\">\n\t\t\t\t\t<div class=\"elementor-column elementor-col-100 elementor-top-column elementor-element elementor-element-6901ad4b\" data-id=\"6901ad4b\" data-element_type=\"column\" data-e-type=\"column\">\n\t\t\t<div class=\"elementor-widget-wrap elementor-element-populated\">\n\t\t\t\t\t\t<div class=\"elementor-element elementor-element-ab96e1e elementor-widget elementor-widget-text-editor\" data-id=\"ab96e1e\" data-element_type=\"widget\" data-e-type=\"widget\" data-widget_type=\"text-editor.default\">\n\t\t\t\t<div class=\"elementor-widget-container\">\n\t\t\t\t\t\t\t\t\t<h1>Tutoriel pour cr\u00e9er une cl\u00e9 API dans KuCoin<\/h1>\r\n<h2>\u00c9tape 1\u00a0: Connectez-vous \u00e0 votre compte KuCoin<\/h2>\r\n<ol>\r\n \t<li>Acc\u00e9dez au site Web de KuCoin et assurez-vous de saisir correctement vos informations de connexion.<\/li>\r\n \t<li>Effectuez toute authentification suppl\u00e9mentaire, telle que la v\u00e9rification 2FA (Google Authenticator ou SMS) si vous l&#039;avez activ\u00e9e.<\/li>\r\n<\/ol>\r\n<h2>\u00c9tape 2\u00a0: Acc\u00e9dez aux param\u00e8tres du compte<\/h2>\r\n<ol>\r\n \t<li>Une fois connect\u00e9 \u00e0 votre compte, cliquez sur votre profil (l&#039;ic\u00f4ne de votre compte ou votre avatar) dans le coin sup\u00e9rieur droit.<\/li>\r\n \t<li>Dans le menu d\u00e9roulant, s\u00e9lectionnez \u00ab Param\u00e8tres du compte \u00bb.<\/li>\r\n<\/ol>\r\n<h2>\u00c9tape 3\u00a0: Acc\u00e9dez \u00e0 la section Gestion des API<\/h2>\r\n<ol>\r\n \t<li>Sur la page des param\u00e8tres du compte, recherchez et s\u00e9lectionnez l\u2019option \u00ab Gestion des API \u00bb.<\/li>\r\n \t<li>C&#039;est ici que vous cr\u00e9erez et g\u00e9rerez les cl\u00e9s API que vous pourrez utiliser pour vous connecter \u00e0 d&#039;autres applications ou services.<\/li>\r\n<\/ol>\r\n<h2>\u00c9tape 4\u00a0: Cr\u00e9er une nouvelle cl\u00e9 API<\/h2>\r\n<ol>\r\n \t<li>Cliquez sur \u00ab\u00a0Cr\u00e9er une API\u00a0\u00bb.<\/li>\r\n \t<li>Saisissez un nom pour votre API (par exemple, \u00ab Trading Bot \u00bb).<\/li>\r\n \t<li>Dans la description, vous pouvez ajouter des d\u00e9tails pour vous aider \u00e0 vous souvenir comment utiliser cette API.<\/li>\r\n<\/ol>\r\n<h2>\u00c9tape 5\u00a0: Configurer les autorisations de l\u2019API<\/h2>\r\n<ol>\r\n \t<li><strong>Autorisations en lecture seule\u00a0:<\/strong> Cochez cette option si vous souhaitez que l&#039;API lise uniquement les informations de votre compte.<\/li>\r\n \t<li><strong>Autorisations de n\u00e9gociation\u00a0:<\/strong> Si votre bot doit ex\u00e9cuter des transactions, s\u00e9lectionnez cette option.<\/li>\r\n \t<li><strong>Retirer l&#039;autorisation :<\/strong> N&#039;activez pas cette option pour un bot de trading basique.<\/li>\r\n<\/ol>\r\n<strong>Conseil:<\/strong> Laissez l&#039;option de retrait d\u00e9coch\u00e9e, car seules les autorisations de lecture et d&#039;\u00e9change sont requises pour la plupart des robots de trading.\r\n<h2>\u00c9tape 6\u00a0: Configurer les restrictions IP (recommand\u00e9)<\/h2>\r\nPour plus de s\u00e9curit\u00e9, KuCoin vous permet de restreindre l&#039;acc\u00e8s API \u00e0 des adresses IP sp\u00e9cifiques.\r\n<h2>\u00c9tape 7\u00a0: Authentification et v\u00e9rification de s\u00e9curit\u00e9<\/h2>\r\n<ol>\r\n \t<li>KuCoin vous demandera d&#039;effectuer une v\u00e9rification de s\u00e9curit\u00e9 pour confirmer que vous \u00eates le titulaire du compte\u00a0:\r\n<ul>\r\n \t<li>Code de v\u00e9rification par SMS ou email : Vous recevrez un code de confirmation.<\/li>\r\n \t<li>Code Google Authenticator (2FA)\u00a0: saisissez le code g\u00e9n\u00e9r\u00e9 par votre application d&#039;authentification (si activ\u00e9e).<\/li>\r\n<\/ul>\r\n<\/li>\r\n \t<li>Terminez la v\u00e9rification et cliquez sur Confirmer pour continuer.<\/li>\r\n<\/ol>\r\n<h2>\u00c9tape 8\u00a0: Enregistrez votre cl\u00e9 API et votre secret API<\/h2>\r\n<ol>\r\n \t<li>Apr\u00e8s confirmation, KuCoin g\u00e9n\u00e9rera votre cl\u00e9 API et votre secret API.<\/li>\r\n \t<li>Conservez ces informations en lieu s\u00fbr\u00a0! La cl\u00e9 secr\u00e8te ne sera affich\u00e9e qu&#039;une seule fois\u00a0; assurez-vous donc de la noter ou de l&#039;enregistrer dans un gestionnaire de mots de passe s\u00e9curis\u00e9.<\/li>\r\n<\/ol>\r\n<strong>Remarque importante :<\/strong> Ne partagez jamais votre cl\u00e9 API ou votre secret API avec qui que ce soit et ne les stockez pas dans des endroits non s\u00e9curis\u00e9s.\r\n<h2>\u00c9tape 9\u00a0: Connectez votre API au robot de trading<\/h2>\r\n<ol>\r\n \t<li>Avec votre cl\u00e9 API, votre secret API et \u00e9ventuellement les d\u00e9tails de votre phrase secr\u00e8te, vous pouvez d\u00e9sormais saisir ces informations dans les param\u00e8tres de votre bot ou de votre application de trading.<\/li>\r\n \t<li>Assurez-vous de suivre les instructions sp\u00e9cifiques de l&#039;application ou du bot pour une connexion s\u00e9curis\u00e9e.<\/li>\r\n<\/ol>\r\n<h2>\u00c9tape 10\u00a0: V\u00e9rifier l\u2019\u00e9tat de l\u2019API et tester (facultatif)<\/h2>\r\n<ol>\r\n \t<li>Une fois la cl\u00e9 API signal\u00e9e, il faudra jusqu&#039;\u00e0 48 heures pour recevoir une notification par e-mail indiquant si elle a \u00e9t\u00e9 accept\u00e9e ou rejet\u00e9e.<\/li>\r\n \t<li>BTB effectuera des tests avant que vous ne commenciez \u00e0 n\u00e9gocier de petites commandes pour garantir que l&#039;API est correctement configur\u00e9e avant d&#039;effectuer des transactions en masse.<\/li>\r\n<\/ol>\r\n<strong>CLIQUEZ POUR T\u00c9L\u00c9CHARGER<\/strong> \u279c\u00a0 <a href=\"https:\/\/bulltradebot.com\/wp-content\/uploads\/2024\/11\/TUTORIAL-CLAVE-API-KUCOIN-V2.03.pdf\">TUTORIEL SUR LA CL\u00c9 API KUCOIN V2.03<\/a>\t\t\t\t\t\t\t\t<\/div>\n\t\t\t\t<\/div>\n\t\t\t\t\t<\/div>\n\t\t<\/div>\n\t\t\t\t\t<\/div>\n\t\t<\/section>\n\t\t\t\t<\/div>","protected":false},"excerpt":{"rendered":"<p>Tutoriel pour cr\u00e9er une cl\u00e9 API dans KuCoin \u00c9tape 1 : Connectez-vous \u00e0 votre compte KuCoin. Acc\u00e9dez au site Web de KuCoin et assurez-vous de saisir correctement vos informations de connexion. Effectuez toute authentification suppl\u00e9mentaire, telle que la v\u00e9rification 2FA (Google Authenticator ou SMS) si vous l&#039;avez activ\u00e9e. \u00c9tape 2 : Acc\u00e9dez aux param\u00e8tres KuCoin.<\/p>","protected":false},"author":7,"featured_media":0,"parent":0,"menu_order":0,"comment_status":"closed","ping_status":"closed","template":"","meta":{"site-sidebar-layout":"default","site-content-layout":"","ast-site-content-layout":"default","site-content-style":"default","site-sidebar-style":"default","ast-global-header-display":"","ast-banner-title-visibility":"","ast-main-header-display":"","ast-hfb-above-header-display":"","ast-hfb-below-header-display":"","ast-hfb-mobile-header-display":"","site-post-title":"","ast-breadcrumbs-content":"","ast-featured-img":"","footer-sml-layout":"","ast-disable-related-posts":"","theme-transparent-header-meta":"default","adv-header-id-meta":"","stick-header-meta":"default","header-above-stick-meta":"","header-main-stick-meta":"","header-below-stick-meta":"","astra-migrate-meta-layouts":"set","ast-page-background-enabled":"default","ast-page-background-meta":{"desktop":{"background-color":"var(--ast-global-color-4)","background-image":"","background-repeat":"repeat","background-position":"center center","background-size":"auto","background-attachment":"scroll","background-type":"","background-media":"","overlay-type":"","overlay-color":"","overlay-opacity":"","overlay-gradient":""},"tablet":{"background-color":"","background-image":"","background-repeat":"repeat","background-position":"center center","background-size":"auto","background-attachment":"scroll","background-type":"","background-media":"","overlay-type":"","overlay-color":"","overlay-opacity":"","overlay-gradient":""},"mobile":{"background-color":"","background-image":"","background-repeat":"repeat","background-position":"center center","background-size":"auto","background-attachment":"scroll","background-type":"","background-media":"","overlay-type":"","overlay-color":"","overlay-opacity":"","overlay-gradient":""}},"ast-content-background-meta":{"desktop":{"background-color":"var(--ast-global-color-5)","background-image":"","background-repeat":"repeat","background-position":"center center","background-size":"auto","background-attachment":"scroll","background-type":"","background-media":"","overlay-type":"","overlay-color":"","overlay-opacity":"","overlay-gradient":""},"tablet":{"background-color":"var(--ast-global-color-5)","background-image":"","background-repeat":"repeat","background-position":"center center","background-size":"auto","background-attachment":"scroll","background-type":"","background-media":"","overlay-type":"","overlay-color":"","overlay-opacity":"","overlay-gradient":""},"mobile":{"background-color":"var(--ast-global-color-5)","background-image":"","background-repeat":"repeat","background-position":"center center","background-size":"auto","background-attachment":"scroll","background-type":"","background-media":"","overlay-type":"","overlay-color":"","overlay-opacity":"","overlay-gradient":""}},"footnotes":""},"class_list":["post-3395","page","type-page","status-publish","hentry"],"_hostinger_reach_plugin_has_subscription_block":false,"_hostinger_reach_plugin_is_elementor":false,"_links":{"self":[{"href":"https:\/\/bulltradebot.com\/fr\/wp-json\/wp\/v2\/pages\/3395","targetHints":{"allow":["GET"]}}],"collection":[{"href":"https:\/\/bulltradebot.com\/fr\/wp-json\/wp\/v2\/pages"}],"about":[{"href":"https:\/\/bulltradebot.com\/fr\/wp-json\/wp\/v2\/types\/page"}],"author":[{"embeddable":true,"href":"https:\/\/bulltradebot.com\/fr\/wp-json\/wp\/v2\/users\/7"}],"replies":[{"embeddable":true,"href":"https:\/\/bulltradebot.com\/fr\/wp-json\/wp\/v2\/comments?post=3395"}],"version-history":[{"count":4,"href":"https:\/\/bulltradebot.com\/fr\/wp-json\/wp\/v2\/pages\/3395\/revisions"}],"predecessor-version":[{"id":3401,"href":"https:\/\/bulltradebot.com\/fr\/wp-json\/wp\/v2\/pages\/3395\/revisions\/3401"}],"wp:attachment":[{"href":"https:\/\/bulltradebot.com\/fr\/wp-json\/wp\/v2\/media?parent=3395"}],"curies":[{"name":"wp","href":"https:\/\/api.w.org\/{rel}","templated":true}]}}