{"id":3403,"date":"2024-11-09T19:16:07","date_gmt":"2024-11-09T19:16:07","guid":{"rendered":"https:\/\/bulltradebot.com\/?page_id=3403"},"modified":"2024-11-09T19:16:57","modified_gmt":"2024-11-09T19:16:57","slug":"%d8%a8%d8%b1%d9%86%d8%a7%d9%85%d8%ac-%d8%aa%d8%b9%d9%84%d9%8a%d9%85%d9%8a-%d8%ad%d9%88%d9%84-%d8%a5%d9%86%d8%b4%d8%a7%d8%a1-%d9%85%d9%81%d8%aa%d8%a7%d8%ad-api-okx","status":"publish","type":"page","link":"https:\/\/bulltradebot.com\/ar\/%d8%a8%d8%b1%d9%86%d8%a7%d9%85%d8%ac-%d8%aa%d8%b9%d9%84%d9%8a%d9%85%d9%8a-%d8%ad%d9%88%d9%84-%d8%a5%d9%86%d8%b4%d8%a7%d8%a1-%d9%85%d9%81%d8%aa%d8%a7%d8%ad-api-okx\/","title":{"rendered":"\u0628\u0631\u0646\u0627\u0645\u062c \u062a\u0639\u0644\u064a\u0645\u064a \u0644\u0625\u0646\u0634\u0627\u0621 \u0645\u0641\u062a\u0627\u062d API OKX"},"content":{"rendered":"<div data-elementor-type=\"wp-page\" data-elementor-id=\"3403\" class=\"elementor elementor-3403\">\n\t\t\t\t\t\t<section class=\"elementor-section elementor-top-section elementor-element elementor-element-5e9c9bfd elementor-section-boxed elementor-section-height-default elementor-section-height-default wpr-particle-no wpr-jarallax-no wpr-parallax-no wpr-sticky-section-no wpr-equal-height-no\" data-id=\"5e9c9bfd\" data-element_type=\"section\" data-e-type=\"section\">\n\t\t\t\t\t\t<div class=\"elementor-container elementor-column-gap-default\">\n\t\t\t\t\t<div class=\"elementor-column elementor-col-100 elementor-top-column elementor-element elementor-element-3d373c7c\" data-id=\"3d373c7c\" data-element_type=\"column\" data-e-type=\"column\">\n\t\t\t<div class=\"elementor-widget-wrap elementor-element-populated\">\n\t\t\t\t\t\t<div class=\"elementor-element elementor-element-6fcb3676 elementor-widget elementor-widget-text-editor\" data-id=\"6fcb3676\" data-element_type=\"widget\" data-e-type=\"widget\" data-widget_type=\"text-editor.default\">\n\t\t\t\t<div class=\"elementor-widget-container\">\n\t\t\t\t\t\t\t\t\t<h1>\u0628\u0631\u0646\u0627\u0645\u062c \u062a\u0639\u0644\u064a\u0645\u064a \u0644\u0625\u0646\u0634\u0627\u0621 \u0645\u0641\u062a\u0627\u062d API \u0641\u064a OKX<\/h1>\r\n<h2>\u0627\u0644\u062e\u0637\u0648\u0629 1: \u062a\u0633\u062c\u064a\u0644 \u0627\u0644\u062f\u062e\u0648\u0644 \u0625\u0644\u0649 \u062d\u0633\u0627\u0628 OKX \u0627\u0644\u062e\u0627\u0635 \u0628\u0643<\/h2>\r\n<ol>\r\n \t<li>\u0627\u0646\u062a\u0642\u0644 \u0625\u0644\u0649 \u0645\u0648\u0642\u0639 OKX \u0648\u0642\u0645 \u0628\u062a\u0633\u062c\u064a\u0644 \u0627\u0644\u062f\u062e\u0648\u0644 \u0628\u0627\u0633\u062a\u062e\u062f\u0627\u0645 \u062a\u0641\u0627\u0635\u064a\u0644 \u0627\u0644\u0645\u0633\u062a\u062e\u062f\u0645 \u0627\u0644\u062e\u0627\u0635\u0629 \u0628\u0643.<\/li>\r\n \t<li>\u0623\u0643\u0645\u0644 \u0623\u064a \u0639\u0645\u0644\u064a\u0629 \u062a\u062d\u0642\u0642 \u0623\u0645\u0627\u0646 \u0625\u0636\u0627\u0641\u064a\u0629 (\u0645\u062b\u0644 \u0645\u0635\u0627\u062f\u0642\u0629 2FA \u0628\u0627\u0633\u062a\u062e\u062f\u0627\u0645 Google Authenticator \u0623\u0648 \u0627\u0644\u0631\u0633\u0627\u0626\u0644 \u0627\u0644\u0642\u0635\u064a\u0631\u0629) \u0625\u0630\u0627 \u062a\u0645 \u062a\u0645\u0643\u064a\u0646\u0647\u0627 \u0641\u064a \u062d\u0633\u0627\u0628\u0643.<\/li>\r\n<\/ol>\r\n<h2>\u0627\u0644\u062e\u0637\u0648\u0629 2: \u0627\u0644\u0648\u0635\u0648\u0644 \u0625\u0644\u0649 \u0625\u0639\u062f\u0627\u062f\u0627\u062a \u0648\u0627\u062c\u0647\u0629 \u0628\u0631\u0645\u062c\u0629 \u0627\u0644\u062a\u0637\u0628\u064a\u0642\u0627\u062a<\/h2>\r\n<ol>\r\n \t<li>\u0628\u0645\u062c\u0631\u062f \u062a\u0633\u062c\u064a\u0644 \u0627\u0644\u062f\u062e\u0648\u0644 \u0625\u0644\u0649 \u062d\u0633\u0627\u0628\u0643\u060c \u0627\u0646\u0642\u0631 \u0641\u0648\u0642 \u0623\u064a\u0642\u0648\u0646\u0629 \u0645\u0644\u0641\u0643 \u0627\u0644\u0634\u062e\u0635\u064a \u0641\u064a \u0627\u0644\u0632\u0627\u0648\u064a\u0629 \u0627\u0644\u064a\u0645\u0646\u0649 \u0627\u0644\u0639\u0644\u064a\u0627.<\/li>\r\n \t<li>\u0642\u0645 \u0628\u062a\u062d\u062f\u064a\u062f \u062e\u064a\u0627\u0631 &quot;API&quot; \u0645\u0646 \u0627\u0644\u0642\u0627\u0626\u0645\u0629 \u0627\u0644\u0645\u0646\u0633\u062f\u0644\u0629 \u0644\u0644\u0648\u0635\u0648\u0644 \u0625\u0644\u0649 \u0642\u0633\u0645 \u0625\u062f\u0627\u0631\u0629 API.<\/li>\r\n<\/ol>\r\n<h2>\u0627\u0644\u062e\u0637\u0648\u0629 3: \u0625\u0646\u0634\u0627\u0621 \u0645\u0641\u062a\u0627\u062d API \u062c\u062f\u064a\u062f<\/h2>\r\n<ol>\r\n \t<li>\u0641\u064a \u0635\u0641\u062d\u0629 API\u060c \u062d\u062f\u062f &quot;\u0625\u0646\u0634\u0627\u0621 API&quot;.<\/li>\r\n \t<li>\u0623\u0639\u0637 \u0648\u0627\u062c\u0647\u0629 \u0628\u0631\u0645\u062c\u0629 \u0627\u0644\u062a\u0637\u0628\u064a\u0642\u0627\u062a \u0627\u0644\u062e\u0627\u0635\u0629 \u0628\u0643 \u0627\u0633\u0645\u064b\u0627 (\u0639\u0644\u0649 \u0633\u0628\u064a\u0644 \u0627\u0644\u0645\u062b\u0627\u0644\u060c &quot;\u0631\u0648\u0628\u0648\u062a \u0627\u0644\u062a\u062f\u0627\u0648\u0644&quot;).<\/li>\r\n \t<li>\u0623\u062f\u062e\u0644 \u0639\u0628\u0627\u0631\u0629 \u0645\u0631\u0648\u0631. \u0647\u0630\u0647 \u0627\u0644\u0639\u0628\u0627\u0631\u0629 \u0641\u0631\u064a\u062f\u0629\u060c \u0648\u0633\u064a\u062a\u0645 \u0627\u0633\u062a\u062e\u062f\u0627\u0645\u0647\u0627 \u0644\u0631\u0628\u0637 \u062a\u0637\u0628\u064a\u0642\u0627\u062a \u0627\u0644\u062c\u0647\u0627\u062a \u0627\u0644\u062e\u0627\u0631\u062c\u064a\u0629 \u0628\u0648\u0627\u062c\u0647\u0629 \u0628\u0631\u0645\u062c\u0629 \u0627\u0644\u062a\u0637\u0628\u064a\u0642\u0627\u062a (API) \u0627\u0644\u062e\u0627\u0635\u0629 \u0628\u0643\u060c \u0644\u0630\u0627 \u062a\u0623\u0643\u062f \u0645\u0646 \u062a\u0630\u0643\u0631\u0647\u0627.<\/li>\r\n<\/ol>\r\n<h2>\u0627\u0644\u062e\u0637\u0648\u0629 4: \u062a\u0643\u0648\u064a\u0646 \u0623\u0630\u0648\u0646\u0627\u062a \u0648\u0627\u062c\u0647\u0629 \u0628\u0631\u0645\u062c\u0629 \u0627\u0644\u062a\u0637\u0628\u064a\u0642\u0627\u062a<\/h2>\r\n<ol>\r\n \t<li><strong>\u0623\u0630\u0648\u0646\u0627\u062a \u0627\u0644\u0642\u0631\u0627\u0621\u0629 \u0641\u0642\u0637:<\/strong> \u062d\u062f\u062f \u0647\u0630\u0627 \u0627\u0644\u062e\u064a\u0627\u0631 \u0625\u0630\u0627 \u0643\u0646\u062a \u062a\u0631\u064a\u062f \u0641\u0642\u0637 \u0623\u0646 \u064a\u0643\u0648\u0646 \u0644\u062f\u0649 \u0648\u0627\u062c\u0647\u0629 \u0628\u0631\u0645\u062c\u0629 \u0627\u0644\u062a\u0637\u0628\u064a\u0642\u0627\u062a \u062d\u0642 \u0627\u0644\u0648\u0635\u0648\u0644 \u0625\u0644\u0649 \u0645\u0639\u0644\u0648\u0645\u0627\u062a \u062d\u0633\u0627\u0628\u0643.<\/li>\r\n \t<li><strong>\u0623\u0630\u0648\u0646\u0627\u062a \u0627\u0644\u062a\u062f\u0627\u0648\u0644:<\/strong> \u0625\u0630\u0627 \u0643\u0646\u062a \u062a\u0631\u064a\u062f \u0623\u0646 \u064a\u062a\u0645\u0643\u0646 \u0627\u0644\u0631\u0648\u0628\u0648\u062a \u0623\u0648 \u0627\u0644\u062a\u0637\u0628\u064a\u0642 \u0645\u0646 \u0627\u0644\u0639\u0645\u0644 \u0639\u0644\u0649 \u062d\u0633\u0627\u0628\u0643\u060c \u0641\u0642\u0645 \u0628\u062a\u0645\u0643\u064a\u0646 \u0647\u0630\u0627 \u0627\u0644\u062e\u064a\u0627\u0631.<\/li>\r\n \t<li><strong>\u0633\u062d\u0628 \u0627\u0644\u0625\u0630\u0646:<\/strong> \u0644\u0627 \u062a\u0642\u0645 \u0628\u062a\u0641\u0639\u064a\u0644 \u0647\u0630\u0627 \u0627\u0644\u062e\u064a\u0627\u0631.<\/li>\r\n \t<li><strong>\u0646\u0635\u064a\u062d\u0629:<\/strong> \u0642\u0645 \u0628\u062a\u062d\u062f\u064a\u062f \u0627\u0644\u0623\u0630\u0648\u0646\u0627\u062a \u0627\u0644\u0636\u0631\u0648\u0631\u064a\u0629 \u0641\u0642\u0637 (\u0627\u0644\u0642\u0631\u0627\u0621\u0629 \u0648\u0627\u0644\u062a\u062f\u0627\u0648\u0644) \u0648\u062a\u062c\u0646\u0628 \u0625\u0630\u0646 \u0627\u0644\u0633\u062d\u0628 \u0644\u0645\u0632\u064a\u062f \u0645\u0646 \u0627\u0644\u0623\u0645\u0627\u0646.<\/li>\r\n<\/ol>\r\n<h2>\u0627\u0644\u062e\u0637\u0648\u0629 5: \u062a\u0643\u0648\u064a\u0646 \u0642\u064a\u0648\u062f IP (\u063a\u064a\u0631 \u0642\u0627\u0628\u0644 \u0644\u0644\u062a\u0637\u0628\u064a\u0642)<\/h2>\r\n\u064a\u062a\u064a\u062d \u0644\u0643 OKX \u062a\u0642\u064a\u064a\u062f \u0648\u0635\u0648\u0644 API \u0625\u0644\u0649 \u0639\u0646\u0627\u0648\u064a\u0646 IP \u0645\u062d\u062f\u062f\u0629\u060c \u0648\u0647\u0648 \u062e\u064a\u0627\u0631 \u0645\u0648\u0635\u0649 \u0628\u0647 \u0644\u0623\u0633\u0628\u0627\u0628 \u0623\u0645\u0646\u064a\u0629.\r\n<ol>\r\n \t<li>\u0625\u0630\u0627 \u0643\u0627\u0646 \u0644\u062f\u064a\u0643 \u0639\u0646\u0648\u0627\u0646 IP \u062b\u0627\u0628\u062a \u0644\u0644\u062c\u0647\u0627\u0632 \u0623\u0648 \u0627\u0644\u062e\u0627\u062f\u0645 \u0627\u0644\u0630\u064a \u0633\u064a\u0633\u062a\u062e\u062f\u0645 \u0648\u0627\u062c\u0647\u0629 \u0628\u0631\u0645\u062c\u0629 \u0627\u0644\u062a\u0637\u0628\u064a\u0642\u0627\u062a\u060c \u0641\u0623\u0636\u0641\u0647 \u0625\u0644\u0649 \u0642\u0633\u0645 &quot;\u0627\u0644\u0642\u0627\u0626\u0645\u0629 \u0627\u0644\u0628\u064a\u0636\u0627\u0621 \u0644\u0639\u0646\u0627\u0648\u064a\u0646 IP&quot;.<\/li>\r\n \t<li>\u0633\u064a\u0624\u062f\u064a \u0647\u0630\u0627 \u0625\u0644\u0649 \u062a\u0642\u064a\u064a\u062f \u0627\u0633\u062a\u062e\u062f\u0627\u0645 \u0648\u0627\u062c\u0647\u0629 \u0628\u0631\u0645\u062c\u0629 \u0627\u0644\u062a\u0637\u0628\u064a\u0642\u0627\u062a (API) \u0639\u0644\u0649 \u0639\u0646\u0648\u0627\u0646 IP \u0627\u0644\u0645\u062d\u062f\u062f\u060c \u0648\u062d\u0645\u0627\u064a\u062a\u0647 \u0645\u0646 \u0627\u0644\u0648\u0635\u0648\u0644 \u063a\u064a\u0631 \u0627\u0644\u0645\u0635\u0631\u062d \u0628\u0647.<\/li>\r\n<\/ol>\r\n<h2>\u0627\u0644\u062e\u0637\u0648\u0629 6: \u0625\u0643\u0645\u0627\u0644 \u0641\u062d\u0635 \u0627\u0644\u0623\u0645\u0627\u0646<\/h2>\r\n<ol>\r\n \t<li>\u0633\u064a\u0637\u0644\u0628 \u0645\u0646\u0643 OKX \u0627\u0644\u062a\u062d\u0642\u0642 \u0645\u0646 \u0625\u0646\u0634\u0627\u0621 \u0648\u0627\u062c\u0647\u0629 \u0628\u0631\u0645\u062c\u0629 \u0627\u0644\u062a\u0637\u0628\u064a\u0642\u0627\u062a \u0628\u0627\u0633\u062a\u062e\u062f\u0627\u0645 \u0645\u0635\u0627\u062f\u0642\u0629 \u0627\u0644\u0623\u0645\u0627\u0646:\r\n<ul>\r\n \t<li><strong>\u0631\u0645\u0632 \u0627\u0644\u062a\u062d\u0642\u0642 \u0639\u0628\u0631 \u0627\u0644\u0631\u0633\u0627\u0626\u0644 \u0627\u0644\u0646\u0635\u064a\u0629 \u0627\u0644\u0642\u0635\u064a\u0631\u0629 \u0623\u0648 \u0627\u0644\u0628\u0631\u064a\u062f \u0627\u0644\u0625\u0644\u0643\u062a\u0631\u0648\u0646\u064a:<\/strong> \u0633\u0648\u0641 \u064a\u0642\u0648\u0645 OKX \u0628\u0625\u0631\u0633\u0627\u0644 \u0631\u0645\u0632 \u0627\u0644\u062a\u0623\u0643\u064a\u062f \u0625\u0644\u0649 \u0628\u0631\u064a\u062f\u0643 \u0627\u0644\u0625\u0644\u0643\u062a\u0631\u0648\u0646\u064a \u0623\u0648 \u0647\u0627\u062a\u0641\u0643.<\/li>\r\n \t<li><strong>\u0631\u0645\u0632 Google Authenticator (2FA):<\/strong> \u0623\u062f\u062e\u0644 \u0627\u0644\u0631\u0645\u0632 \u0627\u0644\u0646\u0627\u062a\u062c \u0641\u064a \u062a\u0637\u0628\u064a\u0642 \u0627\u0644\u0645\u0635\u0627\u062f\u0642\u0629 \u0627\u0644\u062e\u0627\u0635 \u0628\u0643 \u0625\u0630\u0627 \u0643\u0627\u0646 \u0645\u0645\u0643\u0651\u0646\u064b\u0627.<\/li>\r\n<\/ul>\r\n<\/li>\r\n \t<li>\u0623\u0643\u0645\u0644 \u0639\u0645\u0644\u064a\u0629 \u0627\u0644\u062a\u062d\u0642\u0642 \u0647\u0630\u0647 \u062b\u0645 \u0627\u0646\u0642\u0631 \u0641\u0648\u0642 \u062a\u0623\u0643\u064a\u062f.<\/li>\r\n<\/ol>\r\n<h2>\u0627\u0644\u062e\u0637\u0648\u0629 7: \u062d\u0641\u0638 \u0645\u0641\u062a\u0627\u062d API \u0648\u0633\u0631 API<\/h2>\r\n<ol>\r\n \t<li>\u0628\u0645\u062c\u0631\u062f \u0627\u0643\u062a\u0645\u0627\u0644 \u0627\u0644\u062a\u062d\u0642\u0642\u060c \u0633\u0648\u0641 \u064a\u0642\u0648\u0645 OKX \u0628\u0625\u0646\u0634\u0627\u0621 \u0645\u0641\u062a\u0627\u062d API \u0648\u0633\u0631 API \u0627\u0644\u062e\u0627\u0635 \u0628\u0643.<\/li>\r\n \t<li>\u0627\u062d\u062a\u0641\u0638 \u0628\u0647\u0630\u0647 \u0627\u0644\u0645\u0639\u0644\u0648\u0645\u0627\u062a \u0641\u064a \u0645\u0643\u0627\u0646 \u0622\u0645\u0646\u060c \u0644\u0623\u0646 \u0627\u0644\u0645\u0641\u062a\u0627\u062d \u0627\u0644\u0633\u0631\u064a \u0633\u064a\u0638\u0647\u0631 \u0645\u0631\u0629 \u0648\u0627\u062d\u062f\u0629 \u0641\u0642\u0637. \u062f\u0648\u0651\u0646\u0647\u0627 \u0623\u0648 \u0627\u062d\u0641\u0638\u0647\u0627 \u0641\u064a \u0628\u0631\u0646\u0627\u0645\u062c \u0644\u0625\u062f\u0627\u0631\u0629 \u0643\u0644\u0645\u0627\u062a \u0627\u0644\u0645\u0631\u0648\u0631.<\/li>\r\n<\/ol>\r\n<strong>\u0645\u0644\u0627\u062d\u0638\u0629 \u0647\u0627\u0645\u0629:<\/strong> \u0644\u0627 \u062a\u0634\u0627\u0631\u0643 \u0645\u0641\u062a\u0627\u062d API \u0627\u0644\u062e\u0627\u0635 \u0628\u0643 \u0623\u0648 \u0633\u0631 API \u0627\u0644\u062e\u0627\u0635 \u0628\u0643 \u0645\u0639 \u0623\u064a \u0634\u062e\u0635\u060c \u0648\u0644\u0627 \u062a\u0642\u0645 \u0628\u062a\u062e\u0632\u064a\u0646\u0647\u0627 \u0641\u064a \u0623\u0645\u0627\u0643\u0646 \u063a\u064a\u0631 \u0622\u0645\u0646\u0629.\r\n<h2>\u0627\u0644\u062e\u0637\u0648\u0629 8: \u0631\u0628\u0637 \u0648\u0627\u062c\u0647\u0629 \u0628\u0631\u0645\u062c\u0629 \u0627\u0644\u062a\u0637\u0628\u064a\u0642\u0627\u062a (API) \u0628\u0640 BULL TRADING BOT Trading Bot<\/h2>\r\n<ol>\r\n \t<li>\u0627\u0633\u062a\u062e\u062f\u0645 \u0645\u0641\u062a\u0627\u062d API \u0648\u0633\u0631 API \u0648\u0639\u0628\u0627\u0631\u0629 \u0627\u0644\u0623\u0645\u0627\u0646 \u0627\u0644\u062a\u064a \u0642\u0645\u062a \u0628\u0625\u0639\u062f\u0627\u062f\u0647\u0627 \u0644\u0644\u0627\u062a\u0635\u0627\u0644 \u0628\u0640 API \u0639\u0644\u0649 BTB \u0628\u0627\u0633\u062a\u062e\u062f\u0627\u0645 \u0627\u0644\u0646\u0645\u0648\u0630\u062c \u0627\u0644\u0645\u0642\u0627\u0628\u0644 \u0627\u0644\u0645\u0648\u062c\u0648\u062f \u0641\u064a \u0645\u0644\u0641 \u062a\u0639\u0631\u064a\u0641 Bull Trade Bot \u0627\u0644\u062e\u0627\u0635 \u0628\u0643.<\/li>\r\n \t<li>\u0627\u062a\u0628\u0639 \u062a\u0639\u0644\u064a\u0645\u0627\u062a \u0627\u0644\u062a\u0637\u0628\u064a\u0642 \u0623\u0648 \u0627\u0644\u0631\u0648\u0628\u0648\u062a \u0644\u0644\u0625\u0639\u062f\u0627\u062f \u0627\u0644\u0622\u0645\u0646 \u0648\u062a\u0623\u0643\u062f \u0645\u0646 \u0635\u062d\u0629 \u0627\u0644\u0623\u0630\u0648\u0646\u0627\u062a \u0648\u0627\u0644\u0627\u062a\u0635\u0627\u0644.<\/li>\r\n<\/ol>\r\n<h2>\u0627\u0644\u062e\u0637\u0648\u0629 9: \u0627\u0644\u062a\u062d\u0642\u0642 \u0645\u0646 \u062d\u0627\u0644\u0629 \u0648\u0627\u062c\u0647\u0629 \u0628\u0631\u0645\u062c\u0629 \u0627\u0644\u062a\u0637\u0628\u064a\u0642\u0627\u062a \u0648\u0627\u062e\u062a\u0628\u0627\u0631\u0647\u0627 (\u0627\u062e\u062a\u064a\u0627\u0631\u064a)<\/h2>\r\n<ol>\r\n \t<li>\u0628\u0645\u062c\u0631\u062f \u062a\u0648\u0635\u064a\u0644 \u0648\u0627\u062c\u0647\u0629 \u0628\u0631\u0645\u062c\u0629 \u0627\u0644\u062a\u0637\u0628\u064a\u0642\u0627\u062a (API)\u060c \u062a\u0623\u0643\u062f \u0645\u0646 \u0623\u0646\u0647\u0627 \u062a\u0639\u0645\u0644 \u0628\u0634\u0643\u0644 \u0635\u062d\u064a\u062d.<\/li>\r\n \t<li>\u0628\u0645\u062c\u0631\u062f \u0625\u0631\u0633\u0627\u0644 \u0645\u0641\u062a\u0627\u062d API \u0627\u0644\u062e\u0627\u0635 \u0628\u0643\u060c \u0633\u064a\u0643\u0648\u0646 \u0644\u062f\u0649 \u0627\u0644\u0646\u0638\u0627\u0645 48 \u0633\u0627\u0639\u0629 \u0644\u0625\u0639\u0644\u0627\u0645\u0643 \u0645\u0627 \u0625\u0630\u0627 \u0643\u0627\u0646 \u0642\u062f \u062a\u0645 \u0642\u0628\u0648\u0644\u0647 \u0623\u0648 \u0631\u0641\u0636\u0647\u061b \u0648\u0633\u064a\u062a\u0645 \u0625\u062e\u0637\u0627\u0631\u0643 \u0639\u0628\u0631 \u0627\u0644\u0628\u0631\u064a\u062f \u0627\u0644\u0625\u0644\u0643\u062a\u0631\u0648\u0646\u064a.<\/li>\r\n \t<li>\u0625\u0630\u0627 \u0643\u0627\u0646 \u0630\u0644\u0643 \u0645\u0645\u0643\u0646\u064b\u0627\u060c \u0642\u0645 \u0628\u0625\u062c\u0631\u0627\u0621 \u0627\u062e\u062a\u0628\u0627\u0631 \u0628\u0627\u0633\u062a\u062e\u062f\u0627\u0645 \u0637\u0644\u0628\u0627\u062a \u0635\u063a\u064a\u0631\u0629 \u0644\u0644\u062a\u0623\u0643\u062f \u0645\u0646 \u062a\u0643\u0648\u064a\u0646 \u0648\u0627\u062c\u0647\u0629 \u0628\u0631\u0645\u062c\u0629 \u0627\u0644\u062a\u0637\u0628\u064a\u0642\u0627\u062a \u0628\u0634\u0643\u0644 \u0635\u062d\u064a\u062d \u0642\u0628\u0644 \u0627\u0633\u062a\u062e\u062f\u0627\u0645\u0647\u0627 \u0641\u064a \u0627\u0644\u0645\u0639\u0627\u0645\u0644\u0627\u062a \u0627\u0644\u0639\u0627\u062f\u064a\u0629.<\/li>\r\n<\/ol>\r\n<h2>\u0646\u0635\u0627\u0626\u062d \u0625\u0636\u0627\u0641\u064a\u0629 \u0644\u0644\u0633\u0644\u0627\u0645\u0629<\/h2>\r\n<ul>\r\n \t<li>\u0644\u0627 \u062a\u0634\u0627\u0631\u0643 \u0648\u0627\u062c\u0647\u0629 \u0628\u0631\u0645\u062c\u0629 \u0627\u0644\u062a\u0637\u0628\u064a\u0642\u0627\u062a (API) \u0645\u0639 \u0623\u0637\u0631\u0627\u0641 \u062b\u0627\u0644\u062b\u0629\u061b \u0627\u0633\u062a\u062e\u062f\u0645\u0647\u0627 \u0641\u0642\u0637 \u0644\u0640 BTB.<\/li>\r\n \t<li>\u0642\u0645 \u0628\u062a\u0639\u0637\u064a\u0644 \u0648\u0627\u062c\u0647\u0629 \u0628\u0631\u0645\u062c\u0629 \u0627\u0644\u062a\u0637\u0628\u064a\u0642\u0627\u062a (API) \u0625\u0630\u0627 \u0643\u0646\u062a \u0644\u0627 \u062a\u062e\u0637\u0637 \u0644\u0627\u0633\u062a\u062e\u062f\u0627\u0645\u0647\u0627 \u0639\u0644\u0649 \u0627\u0644\u0641\u0648\u0631 \u0623\u0648 \u0644\u0641\u062a\u0631\u0629 \u0645\u0646 \u0627\u0644\u0648\u0642\u062a.<\/li>\r\n \t<li>\u0642\u0645 \u0628\u0645\u0631\u0627\u062c\u0639\u0629 \u0627\u0644\u0623\u0630\u0648\u0646\u0627\u062a \u0628\u0634\u0643\u0644 \u062f\u0648\u0631\u064a \u0644\u0644\u062a\u0623\u0643\u062f \u0645\u0646 \u0639\u062f\u0645 \u062a\u063a\u064a\u064a\u0631\u0647\u0627.<\/li>\r\n<\/ul>\t\t\t\t\t\t\t\t<\/div>\n\t\t\t\t<\/div>\n\t\t\t\t\t<\/div>\n\t\t<\/div>\n\t\t\t\t\t<\/div>\n\t\t<\/section>\n\t\t\t\t<\/div>","protected":false},"excerpt":{"rendered":"<p>Tutorial para Crear Clave API en OKX Paso 1: Inicia sesi\u00f3n en tu cuenta de OKX Ve al sitio web de OKX e inicia sesi\u00f3n con tus datos de usuario. Completa cualquier verificaci\u00f3n de seguridad adicional (como la autenticaci\u00f3n 2FA con Google Authenticator o SMS) si est\u00e1 habilitada en tu cuenta. Paso 2: Accede a<\/p>","protected":false},"author":7,"featured_media":0,"parent":0,"menu_order":0,"comment_status":"closed","ping_status":"closed","template":"","meta":{"site-sidebar-layout":"default","site-content-layout":"","ast-site-content-layout":"default","site-content-style":"default","site-sidebar-style":"default","ast-global-header-display":"","ast-banner-title-visibility":"","ast-main-header-display":"","ast-hfb-above-header-display":"","ast-hfb-below-header-display":"","ast-hfb-mobile-header-display":"","site-post-title":"","ast-breadcrumbs-content":"","ast-featured-img":"","footer-sml-layout":"","ast-disable-related-posts":"","theme-transparent-header-meta":"default","adv-header-id-meta":"","stick-header-meta":"default","header-above-stick-meta":"","header-main-stick-meta":"","header-below-stick-meta":"","astra-migrate-meta-layouts":"set","ast-page-background-enabled":"default","ast-page-background-meta":{"desktop":{"background-color":"var(--ast-global-color-4)","background-image":"","background-repeat":"repeat","background-position":"center center","background-size":"auto","background-attachment":"scroll","background-type":"","background-media":"","overlay-type":"","overlay-color":"","overlay-opacity":"","overlay-gradient":""},"tablet":{"background-color":"","background-image":"","background-repeat":"repeat","background-position":"center center","background-size":"auto","background-attachment":"scroll","background-type":"","background-media":"","overlay-type":"","overlay-color":"","overlay-opacity":"","overlay-gradient":""},"mobile":{"background-color":"","background-image":"","background-repeat":"repeat","background-position":"center center","background-size":"auto","background-attachment":"scroll","background-type":"","background-media":"","overlay-type":"","overlay-color":"","overlay-opacity":"","overlay-gradient":""}},"ast-content-background-meta":{"desktop":{"background-color":"var(--ast-global-color-5)","background-image":"","background-repeat":"repeat","background-position":"center center","background-size":"auto","background-attachment":"scroll","background-type":"","background-media":"","overlay-type":"","overlay-color":"","overlay-opacity":"","overlay-gradient":""},"tablet":{"background-color":"var(--ast-global-color-5)","background-image":"","background-repeat":"repeat","background-position":"center center","background-size":"auto","background-attachment":"scroll","background-type":"","background-media":"","overlay-type":"","overlay-color":"","overlay-opacity":"","overlay-gradient":""},"mobile":{"background-color":"var(--ast-global-color-5)","background-image":"","background-repeat":"repeat","background-position":"center center","background-size":"auto","background-attachment":"scroll","background-type":"","background-media":"","overlay-type":"","overlay-color":"","overlay-opacity":"","overlay-gradient":""}},"footnotes":""},"class_list":["post-3403","page","type-page","status-publish","hentry"],"_hostinger_reach_plugin_has_subscription_block":false,"_hostinger_reach_plugin_is_elementor":false,"_links":{"self":[{"href":"https:\/\/bulltradebot.com\/ar\/wp-json\/wp\/v2\/pages\/3403","targetHints":{"allow":["GET"]}}],"collection":[{"href":"https:\/\/bulltradebot.com\/ar\/wp-json\/wp\/v2\/pages"}],"about":[{"href":"https:\/\/bulltradebot.com\/ar\/wp-json\/wp\/v2\/types\/page"}],"author":[{"embeddable":true,"href":"https:\/\/bulltradebot.com\/ar\/wp-json\/wp\/v2\/users\/7"}],"replies":[{"embeddable":true,"href":"https:\/\/bulltradebot.com\/ar\/wp-json\/wp\/v2\/comments?post=3403"}],"version-history":[{"count":4,"href":"https:\/\/bulltradebot.com\/ar\/wp-json\/wp\/v2\/pages\/3403\/revisions"}],"predecessor-version":[{"id":3407,"href":"https:\/\/bulltradebot.com\/ar\/wp-json\/wp\/v2\/pages\/3403\/revisions\/3407"}],"wp:attachment":[{"href":"https:\/\/bulltradebot.com\/ar\/wp-json\/wp\/v2\/media?parent=3403"}],"curies":[{"name":"wp","href":"https:\/\/api.w.org\/{rel}","templated":true}]}}