{"id":20,"date":"2024-01-05T00:12:10","date_gmt":"2024-01-05T00:12:10","guid":{"rendered":"https:\/\/54.176.5.206\/checkout\/"},"modified":"2024-07-08T23:51:16","modified_gmt":"2024-07-08T23:51:16","slug":"%d8%a5%d8%aa%d9%85%d8%a7%d9%85-%d8%b9%d9%85%d9%84%d9%8a%d8%a9-%d8%a7%d9%84%d8%b4%d8%b1%d8%a7%d8%a1","status":"publish","type":"page","link":"https:\/\/bulltradebot.com\/ar\/%d8%a5%d8%aa%d9%85%d8%a7%d9%85-%d8%b9%d9%85%d9%84%d9%8a%d8%a9-%d8%a7%d9%84%d8%b4%d8%b1%d8%a7%d8%a1\/","title":{"rendered":"\u0625\u062a\u0645\u0627\u0645 \u0639\u0645\u0644\u064a\u0629 \u0627\u0644\u0634\u0631\u0627\u0621"},"content":{"rendered":"<div data-elementor-type=\"wp-page\" data-elementor-id=\"20\" class=\"elementor elementor-20\">\n\t\t\t\t\t\t<section class=\"elementor-section elementor-top-section elementor-element elementor-element-e5718e5 elementor-section-full_width elementor-section-stretched elementor-section-height-default elementor-section-height-default wpr-particle-no wpr-jarallax-no wpr-parallax-no wpr-sticky-section-no wpr-equal-height-no\" data-id=\"e5718e5\" data-element_type=\"section\" data-e-type=\"section\" data-settings=\"{&quot;stretch_section&quot;:&quot;section-stretched&quot;,&quot;background_background&quot;:&quot;classic&quot;}\">\n\t\t\t\t\t\t\t<div class=\"elementor-background-overlay\"><\/div>\n\t\t\t\t\t\t\t<div class=\"elementor-container elementor-column-gap-default\">\n\t\t\t\t\t<div class=\"elementor-column elementor-col-100 elementor-top-column elementor-element elementor-element-fa1f648\" data-id=\"fa1f648\" data-element_type=\"column\" data-e-type=\"column\">\n\t\t\t<div class=\"elementor-widget-wrap elementor-element-populated\">\n\t\t\t\t\t\t<section class=\"elementor-section elementor-inner-section elementor-element elementor-element-821c633 elementor-section-boxed elementor-section-height-default elementor-section-height-default wpr-particle-no wpr-jarallax-no wpr-parallax-no wpr-sticky-section-no wpr-equal-height-no\" data-id=\"821c633\" data-element_type=\"section\" data-e-type=\"section\">\n\t\t\t\t\t\t<div class=\"elementor-container elementor-column-gap-default\">\n\t\t\t\t\t<div class=\"elementor-column elementor-col-50 elementor-inner-column elementor-element elementor-element-709c8e1\" data-id=\"709c8e1\" data-element_type=\"column\" data-e-type=\"column\">\n\t\t\t<div class=\"elementor-widget-wrap elementor-element-populated\">\n\t\t\t\t\t\t<div class=\"elementor-element elementor-element-2860abb elementor-widget elementor-widget-text-editor\" data-id=\"2860abb\" data-element_type=\"widget\" data-e-type=\"widget\" data-widget_type=\"text-editor.default\">\n\t\t\t\t<div class=\"elementor-widget-container\">\n\t\t\t\t\t\t\t\t\t<p>\u0646\u062d\u0646 \u0646\u0636\u0645\u0646 \u0627\u0644\u0623\u0645\u0627\u0646 \u0645\u0646 \u062e\u0644\u0627\u0644 \u0645\u0641\u0627\u062a\u064a\u062d API \u0627\u0644\u0645\u0634\u0641\u0631\u0629\u00a0<\/p>\t\t\t\t\t\t\t\t<\/div>\n\t\t\t\t<\/div>\n\t\t\t\t<div class=\"elementor-element elementor-element-3634a2d elementor-widget elementor-widget-heading\" data-id=\"3634a2d\" data-element_type=\"widget\" data-e-type=\"widget\" data-widget_type=\"heading.default\">\n\t\t\t\t<div class=\"elementor-widget-container\">\n\t\t\t\t\t<h1 class=\"elementor-heading-title elementor-size-default\">\u0625\u062a\u0645\u0627\u0645 \u0639\u0645\u0644\u064a\u0629 \u0627\u0644\u0634\u0631\u0627\u0621<\/h1>\t\t\t\t<\/div>\n\t\t\t\t<\/div>\n\t\t\t\t<div class=\"elementor-element elementor-element-8804952 elementor-widget elementor-widget-text-editor\" data-id=\"8804952\" data-element_type=\"widget\" data-e-type=\"widget\" data-widget_type=\"text-editor.default\">\n\t\t\t\t<div class=\"elementor-widget-container\">\n\t\t\t\t\t\t\t\t\t<p style=\"text-align: left;\">\u0623\u0641\u0636\u0644 \u0646\u0645\u0648\u0630\u062c \u0627\u0633\u062a\u062b\u0645\u0627\u0631\u064a \u0641\u064a \u0627\u0644\u0633\u0648\u0642<\/p><p>\u0633\u062a\u062c\u062f \u0647\u0646\u0627 \u0625\u062c\u0627\u0628\u0627\u062a\u064d \u0639\u0644\u0649 \u0623\u0643\u062b\u0631 \u0627\u0644\u0623\u0633\u0626\u0644\u0629 \u0634\u064a\u0648\u0639\u064b\u0627 \u0627\u0644\u062a\u064a \u064a\u0637\u0631\u062d\u0647\u0627 \u0639\u0645\u0644\u0627\u0624\u0646\u0627. \u0625\u0630\u0627 \u0644\u0645 \u062a\u062c\u062f \u0627\u0644\u0625\u062c\u0627\u0628\u0629 \u0627\u0644\u062a\u064a \u062a\u0628\u062d\u062b \u0639\u0646\u0647\u0627\u060c \u0641\u0644\u0627 \u062a\u062a\u0631\u062f\u062f \u0641\u064a \u0627\u0644\u062a\u0648\u0627\u0635\u0644 \u0645\u0639\u0646\u0627 \u0639\u0628\u0631 \u0641\u0631\u064a\u0642 \u062e\u062f\u0645\u0629 \u0627\u0644\u0639\u0645\u0644\u0627\u0621. \u064a\u0633\u0639\u062f\u0646\u0627 \u0645\u0633\u0627\u0639\u062f\u062a\u0643 \u0641\u064a \u0623\u064a \u0634\u064a\u0621 \u062a\u062d\u062a\u0627\u062c\u0647. \u0634\u0643\u0631\u064b\u0627 \u0644\u062b\u0642\u062a\u0643\u0645!<\/p>\t\t\t\t\t\t\t\t<\/div>\n\t\t\t\t<\/div>\n\t\t\t\t<section class=\"elementor-section elementor-inner-section elementor-element elementor-element-ded8b0c elementor-section-boxed elementor-section-height-default elementor-section-height-default wpr-particle-no wpr-jarallax-no wpr-parallax-no wpr-sticky-section-no wpr-equal-height-no\" data-id=\"ded8b0c\" data-element_type=\"section\" data-e-type=\"section\">\n\t\t\t\t\t\t<div class=\"elementor-container elementor-column-gap-default\">\n\t\t\t\t\t<div class=\"elementor-column elementor-col-33 elementor-inner-column elementor-element elementor-element-2c48bef\" data-id=\"2c48bef\" data-element_type=\"column\" data-e-type=\"column\">\n\t\t\t<div class=\"elementor-widget-wrap elementor-element-populated\">\n\t\t\t\t\t\t<div class=\"elementor-element elementor-element-799cd51 elementor-align-left elementor-widget elementor-widget-button\" data-id=\"799cd51\" data-element_type=\"widget\" data-e-type=\"widget\" data-widget_type=\"button.default\">\n\t\t\t\t<div class=\"elementor-widget-container\">\n\t\t\t\t\t\t\t\t\t<div class=\"elementor-button-wrapper\">\n\t\t\t\t\t<a class=\"elementor-button elementor-button-link elementor-size-sm\" href=\"https:\/\/bulltradebot.com\/ar\/%d9%85%d8%ad%d9%84\/\">\n\t\t\t\t\t\t<span class=\"elementor-button-content-wrapper\">\n\t\t\t\t\t\t<span class=\"elementor-button-icon\">\n\t\t\t\t<i aria-hidden=\"true\" class=\"fab fa-opencart\"><\/i>\t\t\t<\/span>\n\t\t\t\t\t\t\t\t\t<span class=\"elementor-button-text\">\u0645\u062d\u0644<\/span>\n\t\t\t\t\t<\/span>\n\t\t\t\t\t<\/a>\n\t\t\t\t<\/div>\n\t\t\t\t\t\t\t\t<\/div>\n\t\t\t\t<\/div>\n\t\t\t\t\t<\/div>\n\t\t<\/div>\n\t\t\t\t<div class=\"elementor-column elementor-col-33 elementor-inner-column elementor-element elementor-element-71ed0c4\" data-id=\"71ed0c4\" data-element_type=\"column\" data-e-type=\"column\">\n\t\t\t<div class=\"elementor-widget-wrap elementor-element-populated\">\n\t\t\t\t\t\t<div class=\"elementor-element elementor-element-b12b4d7 elementor-align-center elementor-widget elementor-widget-button\" data-id=\"b12b4d7\" data-element_type=\"widget\" data-e-type=\"widget\" data-widget_type=\"button.default\">\n\t\t\t\t<div class=\"elementor-widget-container\">\n\t\t\t\t\t\t\t\t\t<div class=\"elementor-button-wrapper\">\n\t\t\t\t\t<a class=\"elementor-button elementor-button-link elementor-size-sm\" href=\"https:\/\/bulltradebot.com\/ar\/%d8%ad%d8%b3%d8%a7%d8%a8%d9%8a\/\">\n\t\t\t\t\t\t<span class=\"elementor-button-content-wrapper\">\n\t\t\t\t\t\t<span class=\"elementor-button-icon\">\n\t\t\t\t<i aria-hidden=\"true\" class=\"far fa-user\"><\/i>\t\t\t<\/span>\n\t\t\t\t\t\t\t\t\t<span class=\"elementor-button-text\">\u062d\u0633\u0627\u0628\u064a<\/span>\n\t\t\t\t\t<\/span>\n\t\t\t\t\t<\/a>\n\t\t\t\t<\/div>\n\t\t\t\t\t\t\t\t<\/div>\n\t\t\t\t<\/div>\n\t\t\t\t\t<\/div>\n\t\t<\/div>\n\t\t\t\t<div class=\"elementor-column elementor-col-33 elementor-inner-column elementor-element elementor-element-b53ec8e\" data-id=\"b53ec8e\" data-element_type=\"column\" data-e-type=\"column\">\n\t\t\t<div class=\"elementor-widget-wrap elementor-element-populated\">\n\t\t\t\t\t\t<div class=\"elementor-element elementor-element-47ce888 elementor-mobile-align-center elementor-widget elementor-widget-button\" data-id=\"47ce888\" data-element_type=\"widget\" data-e-type=\"widget\" data-widget_type=\"button.default\">\n\t\t\t\t<div class=\"elementor-widget-container\">\n\t\t\t\t\t\t\t\t\t<div class=\"elementor-button-wrapper\">\n\t\t\t\t\t<a class=\"elementor-button elementor-button-link elementor-size-sm\" href=\"https:\/\/bulltradebot.com\/ar\/%d9%81%d9%88%d8%a7%d8%a6%d8%af\/\">\n\t\t\t\t\t\t<span class=\"elementor-button-content-wrapper\">\n\t\t\t\t\t\t<span class=\"elementor-button-icon\">\n\t\t\t\t<i aria-hidden=\"true\" class=\"far fa-star\"><\/i>\t\t\t<\/span>\n\t\t\t\t\t\t\t\t\t<span class=\"elementor-button-text\">\u0641\u0648\u0627\u0626\u062f<\/span>\n\t\t\t\t\t<\/span>\n\t\t\t\t\t<\/a>\n\t\t\t\t<\/div>\n\t\t\t\t\t\t\t\t<\/div>\n\t\t\t\t<\/div>\n\t\t\t\t\t<\/div>\n\t\t<\/div>\n\t\t\t\t\t<\/div>\n\t\t<\/section>\n\t\t\t\t<div class=\"elementor-element elementor-element-1ecbcfd foto elementor-widget elementor-widget-image\" data-id=\"1ecbcfd\" data-element_type=\"widget\" data-e-type=\"widget\" data-widget_type=\"image.default\">\n\t\t\t\t<div class=\"elementor-widget-container\">\n\t\t\t\t\t\t\t\t\t\t\t\t\t\t\t<img fetchpriority=\"high\" decoding=\"async\" width=\"1024\" height=\"469\" src=\"https:\/\/bulltradebot.com\/wp-content\/uploads\/2024\/02\/BTB-105-1024x469.webp\" class=\"attachment-large size-large wp-image-294\" alt=\"\" srcset=\"https:\/\/bulltradebot.com\/wp-content\/uploads\/2024\/02\/BTB-105-1024x469.webp 1024w, https:\/\/bulltradebot.com\/wp-content\/uploads\/2024\/02\/BTB-105-300x137.webp 300w, https:\/\/bulltradebot.com\/wp-content\/uploads\/2024\/02\/BTB-105-768x352.webp 768w, https:\/\/bulltradebot.com\/wp-content\/uploads\/2024\/02\/BTB-105-1536x703.webp 1536w, https:\/\/bulltradebot.com\/wp-content\/uploads\/2024\/02\/BTB-105-2048x938.webp 2048w, https:\/\/bulltradebot.com\/wp-content\/uploads\/2024\/02\/BTB-105-600x275.webp 600w\" sizes=\"(max-width: 1024px) 100vw, 1024px\" \/>\t\t\t\t\t\t\t\t\t\t\t\t\t\t\t<\/div>\n\t\t\t\t<\/div>\n\t\t\t\t\t<\/div>\n\t\t<\/div>\n\t\t\t\t<div class=\"elementor-column elementor-col-50 elementor-inner-column elementor-element elementor-element-e36c1d7\" data-id=\"e36c1d7\" data-element_type=\"column\" data-e-type=\"column\">\n\t\t\t<div class=\"elementor-widget-wrap\">\n\t\t\t\t\t\t\t<\/div>\n\t\t<\/div>\n\t\t\t\t\t<\/div>\n\t\t<\/section>\n\t\t\t\t\t<\/div>\n\t\t<\/div>\n\t\t\t\t\t<\/div>\n\t\t<\/section>\n\t\t\t\t<section class=\"elementor-section elementor-top-section elementor-element elementor-element-90b8fac elementor-section-full_width elementor-section-stretched elementor-section-height-default elementor-section-height-default wpr-particle-no wpr-jarallax-no wpr-parallax-no wpr-sticky-section-no wpr-equal-height-no\" data-id=\"90b8fac\" data-element_type=\"section\" data-e-type=\"section\" data-settings=\"{&quot;stretch_section&quot;:&quot;section-stretched&quot;}\">\n\t\t\t\t\t\t<div class=\"elementor-container elementor-column-gap-default\">\n\t\t\t\t\t<div class=\"elementor-column elementor-col-100 elementor-top-column elementor-element elementor-element-c1032ea\" data-id=\"c1032ea\" data-element_type=\"column\" data-e-type=\"column\">\n\t\t\t<div class=\"elementor-widget-wrap elementor-element-populated\">\n\t\t\t\t\t\t<div class=\"elementor-element elementor-element-7e6bf45 elementor-widget elementor-widget-html\" data-id=\"7e6bf45\" data-element_type=\"widget\" data-e-type=\"widget\" data-widget_type=\"html.default\">\n\t\t\t\t<div class=\"elementor-widget-container\">\n\t\t\t\t\t<script defer src=\"https:\/\/www.livecoinwatch.com\/static\/lcw-widget.js\"><\/script> <div class=\"livecoinwatch-widget-5\" lcw-base=\"USD\" lcw-color-tx=\"#999999\" lcw-marquee-1=\"coins\" lcw-marquee-2=\"movers\" lcw-marquee-items=\"10\" ><\/div>\t\t\t\t<\/div>\n\t\t\t\t<\/div>\n\t\t\t\t\t<\/div>\n\t\t<\/div>\n\t\t\t\t\t<\/div>\n\t\t<\/section>\n\t\t\t\t<section class=\"elementor-section elementor-top-section elementor-element elementor-element-198624d elementor-section-boxed elementor-section-height-default elementor-section-height-default wpr-particle-no wpr-jarallax-no wpr-parallax-no wpr-sticky-section-no wpr-equal-height-no\" data-id=\"198624d\" data-element_type=\"section\" data-e-type=\"section\">\n\t\t\t\t\t\t<div class=\"elementor-container elementor-column-gap-default\">\n\t\t\t\t\t<div class=\"elementor-column elementor-col-100 elementor-top-column elementor-element elementor-element-07e6502\" data-id=\"07e6502\" data-element_type=\"column\" data-e-type=\"column\">\n\t\t\t<div class=\"elementor-widget-wrap elementor-element-populated\">\n\t\t\t\t\t\t<div class=\"elementor-element elementor-element-627156f elementor-widget elementor-widget-heading\" data-id=\"627156f\" data-element_type=\"widget\" data-e-type=\"widget\" data-widget_type=\"heading.default\">\n\t\t\t\t<div class=\"elementor-widget-container\">\n\t\t\t\t\t<h2 class=\"elementor-heading-title elementor-size-default\">\u0625\u062a\u0645\u0627\u0645 \u0639\u0645\u0644\u064a\u0629 \u0627\u0644\u0634\u0631\u0627\u0621<\/h2>\t\t\t\t<\/div>\n\t\t\t\t<\/div>\n\t\t\t\t<section class=\"elementor-section elementor-inner-section elementor-element elementor-element-c459114 elementor-section-boxed elementor-section-height-default elementor-section-height-default wpr-particle-no wpr-jarallax-no wpr-parallax-no wpr-sticky-section-no wpr-equal-height-no\" data-id=\"c459114\" data-element_type=\"section\" data-e-type=\"section\">\n\t\t\t\t\t\t<div class=\"elementor-container elementor-column-gap-default\">\n\t\t\t\t\t<div class=\"elementor-column elementor-col-50 elementor-inner-column elementor-element elementor-element-12e0d96\" data-id=\"12e0d96\" data-element_type=\"column\" data-e-type=\"column\">\n\t\t\t<div class=\"elementor-widget-wrap elementor-element-populated\">\n\t\t\t\t\t\t<div class=\"elementor-element elementor-element-7af6c78 elementor-widget elementor-widget-text-editor\" data-id=\"7af6c78\" data-element_type=\"widget\" data-e-type=\"widget\" data-widget_type=\"text-editor.default\">\n\t\t\t\t<div class=\"elementor-widget-container\">\n\t\t\t\t\t\t\t\t\t<p><strong>\u0641\u064a \u0645\u062a\u062c\u0631\u0646\u0627 \u0627\u0644\u0625\u0644\u0643\u062a\u0631\u0648\u0646\u064a\u060c \u0646\u0648\u0641\u0631 \u0645\u062c\u0645\u0648\u0639\u0629 \u0645\u062a\u0646\u0648\u0639\u0629 \u0645\u0646 \u0637\u0631\u0642 \u0627\u0644\u062f\u0641\u0639 \u0644\u062a\u062e\u062a\u0627\u0631 \u0627\u0644\u0623\u0646\u0633\u0628 \u0644\u0627\u062d\u062a\u064a\u0627\u062c\u0627\u062a\u0643. \u0628\u0627\u0644\u0625\u0636\u0627\u0641\u0629 \u0625\u0644\u0649 \u062e\u064a\u0627\u0631\u0627\u062a \u0627\u0644\u062f\u0641\u0639 \u0627\u0644\u062a\u0642\u0644\u064a\u062f\u064a\u0629\u060c \u0645\u062b\u0644 \u0627\u0644\u062a\u062d\u0648\u064a\u0644\u0627\u062a \u0627\u0644\u0645\u0628\u0627\u0634\u0631\u0629\u060c \u0646\u0648\u0641\u0631 \u0623\u064a\u0636\u064b\u0627 \u062e\u064a\u0627\u0631\u0627\u062a \u062f\u0641\u0639 \u0628\u0627\u0644\u0639\u0645\u0644\u0627\u062a \u0627\u0644\u0645\u0634\u0641\u0631\u0629\u060c \u0645\u062b\u0644 Metamask \u0648CoinPayments.<\/strong><\/p>\n<p><strong>\u0641\u064a \u0645\u062a\u062c\u0631\u0646\u0627 \u0627\u0644\u0625\u0644\u0643\u062a\u0631\u0648\u0646\u064a\u060c \u0646\u0648\u0644\u064a \u0623\u0645\u0646 \u0628\u064a\u0627\u0646\u0627\u062a\u0643\u0645 \u0648\u0623\u0645\u0648\u0627\u0644\u0643\u0645 \u0627\u0647\u062a\u0645\u0627\u0645\u064b\u0627 \u0628\u0627\u0644\u063a\u064b\u0627. \u0648\u0644\u0630\u0644\u0643\u060c \u0646\u0633\u062a\u062e\u062f\u0645 \u0623\u062d\u062f\u062b \u0627\u0644\u062a\u0642\u0646\u064a\u0627\u062a \u0644\u062d\u0645\u0627\u064a\u0629 \u0645\u0639\u0644\u0648\u0645\u0627\u062a \u0627\u0644\u062f\u0641\u0639 \u0627\u0644\u062e\u0627\u0635\u0629 \u0628\u0643\u0645\u060c \u0648\u0646\u0642\u062f\u0645 \u0644\u0643\u0645 \u062a\u062c\u0631\u0628\u0629 \u062f\u0641\u0639 \u0622\u0645\u0646\u0629. \u0644\u0623\u064a \u0627\u0633\u062a\u0641\u0633\u0627\u0631 \u0623\u0648 \u0645\u0633\u0627\u0639\u062f\u0629 \u0641\u064a \u0639\u0645\u0644\u064a\u0629 \u0627\u0644\u062f\u0641\u0639\u060c \u064a\u064f\u0631\u062c\u0649 \u0627\u0644\u062a\u0648\u0627\u0635\u0644 \u0645\u0639 \u0641\u0631\u064a\u0642 \u062e\u062f\u0645\u0629 \u0627\u0644\u0639\u0645\u0644\u0627\u0621 \u0639\u0628\u0631 \u0635\u0641\u062d\u0629 \u0627\u0644\u0627\u062a\u0635\u0627\u0644 \u0639\u0644\u0649 \u0645\u0648\u0642\u0639\u0646\u0627 \u0627\u0644\u0625\u0644\u0643\u062a\u0631\u0648\u0646\u064a. \u0634\u0643\u0631\u064b\u0627 \u0644\u0627\u062e\u062a\u064a\u0627\u0631\u0643\u0645 \u0645\u062a\u062c\u0631\u0646\u0627 \u0627\u0644\u0625\u0644\u0643\u062a\u0631\u0648\u0646\u064a!<\/strong><\/p>\t\t\t\t\t\t\t\t<\/div>\n\t\t\t\t<\/div>\n\t\t\t\t\t<\/div>\n\t\t<\/div>\n\t\t\t\t<div class=\"elementor-column elementor-col-50 elementor-inner-column elementor-element elementor-element-7356235\" data-id=\"7356235\" data-element_type=\"column\" data-e-type=\"column\">\n\t\t\t<div class=\"elementor-widget-wrap elementor-element-populated\">\n\t\t\t\t\t\t<div class=\"elementor-element elementor-element-afb1234 elementor-widget__width-initial elementor-widget elementor-widget-image\" data-id=\"afb1234\" data-element_type=\"widget\" data-e-type=\"widget\" data-widget_type=\"image.default\">\n\t\t\t\t<div class=\"elementor-widget-container\">\n\t\t\t\t\t\t\t\t\t\t\t\t\t\t\t<img decoding=\"async\" width=\"999\" height=\"1024\" src=\"https:\/\/bulltradebot.com\/wp-content\/uploads\/2024\/02\/BTB-79-999x1024.webp\" class=\"attachment-large size-large wp-image-268\" alt=\"\" srcset=\"https:\/\/bulltradebot.com\/wp-content\/uploads\/2024\/02\/BTB-79-999x1024.webp 999w, https:\/\/bulltradebot.com\/wp-content\/uploads\/2024\/02\/BTB-79-293x300.webp 293w, https:\/\/bulltradebot.com\/wp-content\/uploads\/2024\/02\/BTB-79-768x787.webp 768w, https:\/\/bulltradebot.com\/wp-content\/uploads\/2024\/02\/BTB-79-1499x1536.webp 1499w, https:\/\/bulltradebot.com\/wp-content\/uploads\/2024\/02\/BTB-79-600x615.webp 600w, https:\/\/bulltradebot.com\/wp-content\/uploads\/2024\/02\/BTB-79.webp 1700w\" sizes=\"(max-width: 999px) 100vw, 999px\" \/>\t\t\t\t\t\t\t\t\t\t\t\t\t\t\t<\/div>\n\t\t\t\t<\/div>\n\t\t\t\t\t<\/div>\n\t\t<\/div>\n\t\t\t\t\t<\/div>\n\t\t<\/section>\n\t\t\t\t<div class=\"elementor-element elementor-element-64abb60 finalizr-compra-css wpr-checkout-horizontal elementor-widget elementor-widget-wpr-page-checkout\" data-id=\"64abb60\" data-element_type=\"widget\" data-e-type=\"widget\" data-widget_type=\"wpr-page-checkout.default\">\n\t\t\t\t<div class=\"elementor-widget-container\">\n\t\t\t\t\t<div class=\"woocommerce\"><div class=\"woocommerce-notices-wrapper\"><\/div><\/div>\t\t\t\t<\/div>\n\t\t\t\t<\/div>\n\t\t\t\t\t<\/div>\n\t\t<\/div>\n\t\t\t\t\t<\/div>\n\t\t<\/section>\n\t\t\t\t<\/div>","protected":false},"excerpt":{"rendered":"<p>Garantizamos la seguridad mediante claves API encriptadas\u00a0 Finalizar Compra El mejor modelo de inversion del mercado Aqu\u00ed encontrar\u00e1s respuestas a las preguntas m\u00e1s comunes que suelen hacer nuestros clientes. Si no encuentras la respuesta que buscas, no dudes en ponerte en contacto con nosotros a trav\u00e9s de nuestro servicio de atenci\u00f3n al cliente. Estaremos encantados<\/p>","protected":false},"author":8,"featured_media":0,"parent":0,"menu_order":0,"comment_status":"closed","ping_status":"closed","template":"elementor_header_footer","meta":{"site-sidebar-layout":"default","site-content-layout":"","ast-site-content-layout":"default","site-content-style":"default","site-sidebar-style":"default","ast-global-header-display":"","ast-banner-title-visibility":"","ast-main-header-display":"","ast-hfb-above-header-display":"","ast-hfb-below-header-display":"","ast-hfb-mobile-header-display":"","site-post-title":"","ast-breadcrumbs-content":"","ast-featured-img":"","footer-sml-layout":"","ast-disable-related-posts":"","theme-transparent-header-meta":"","adv-header-id-meta":"","stick-header-meta":"","header-above-stick-meta":"","header-main-stick-meta":"","header-below-stick-meta":"","astra-migrate-meta-layouts":"default","ast-page-background-enabled":"default","ast-page-background-meta":{"desktop":{"background-color":"var(--ast-global-color-4)","background-image":"","background-repeat":"repeat","background-position":"center center","background-size":"auto","background-attachment":"scroll","background-type":"","background-media":"","overlay-type":"","overlay-color":"","overlay-opacity":"","overlay-gradient":""},"tablet":{"background-color":"","background-image":"","background-repeat":"repeat","background-position":"center center","background-size":"auto","background-attachment":"scroll","background-type":"","background-media":"","overlay-type":"","overlay-color":"","overlay-opacity":"","overlay-gradient":""},"mobile":{"background-color":"","background-image":"","background-repeat":"repeat","background-position":"center center","background-size":"auto","background-attachment":"scroll","background-type":"","background-media":"","overlay-type":"","overlay-color":"","overlay-opacity":"","overlay-gradient":""}},"ast-content-background-meta":{"desktop":{"background-color":"var(--ast-global-color-5)","background-image":"","background-repeat":"repeat","background-position":"center center","background-size":"auto","background-attachment":"scroll","background-type":"","background-media":"","overlay-type":"","overlay-color":"","overlay-opacity":"","overlay-gradient":""},"tablet":{"background-color":"var(--ast-global-color-5)","background-image":"","background-repeat":"repeat","background-position":"center center","background-size":"auto","background-attachment":"scroll","background-type":"","background-media":"","overlay-type":"","overlay-color":"","overlay-opacity":"","overlay-gradient":""},"mobile":{"background-color":"var(--ast-global-color-5)","background-image":"","background-repeat":"repeat","background-position":"center center","background-size":"auto","background-attachment":"scroll","background-type":"","background-media":"","overlay-type":"","overlay-color":"","overlay-opacity":"","overlay-gradient":""}},"footnotes":""},"class_list":["post-20","page","type-page","status-publish","hentry"],"_hostinger_reach_plugin_has_subscription_block":false,"_hostinger_reach_plugin_is_elementor":false,"_links":{"self":[{"href":"https:\/\/bulltradebot.com\/ar\/wp-json\/wp\/v2\/pages\/20","targetHints":{"allow":["GET"]}}],"collection":[{"href":"https:\/\/bulltradebot.com\/ar\/wp-json\/wp\/v2\/pages"}],"about":[{"href":"https:\/\/bulltradebot.com\/ar\/wp-json\/wp\/v2\/types\/page"}],"author":[{"embeddable":true,"href":"https:\/\/bulltradebot.com\/ar\/wp-json\/wp\/v2\/users\/8"}],"replies":[{"embeddable":true,"href":"https:\/\/bulltradebot.com\/ar\/wp-json\/wp\/v2\/comments?post=20"}],"version-history":[{"count":115,"href":"https:\/\/bulltradebot.com\/ar\/wp-json\/wp\/v2\/pages\/20\/revisions"}],"predecessor-version":[{"id":3238,"href":"https:\/\/bulltradebot.com\/ar\/wp-json\/wp\/v2\/pages\/20\/revisions\/3238"}],"wp:attachment":[{"href":"https:\/\/bulltradebot.com\/ar\/wp-json\/wp\/v2\/media?parent=20"}],"curies":[{"name":"wp","href":"https:\/\/api.w.org\/{rel}","templated":true}]}}